{"id":8122,"date":"2019-04-03T17:03:46","date_gmt":"2019-04-03T15:03:46","guid":{"rendered":"http:\/\/gfgsmtl.qc.ca\/?page_id=8122"},"modified":"2025-01-17T15:50:33","modified_gmt":"2025-01-17T20:50:33","slug":"other-ways-to-help","status":"publish","type":"page","link":"https:\/\/gfgsmtl.qc.ca\/en\/support-us\/other-ways-to-help\/","title":{"rendered":"Other Ways to Help"},"content":{"rendered":"<section class=\"l-section wpb_row height_medium full_height valign_center color_secondary with_img parallax_ver\"><div class=\"l-section-img\" role=\"img\" aria-label=\"Soutenir la communaut\u00e9 et s&#039;impliquer \u00e0 Montr\u00e9al\" data-img-width=\"1920\" data-img-height=\"1281\" style=\"background-image: url(https:\/\/gfgsmtl.qc.ca\/wp-content\/uploads\/2017\/06\/A_DD87691.jpg);\"><\/div><div class=\"l-section-overlay\" style=\"background:rgba(30,30,30,0.75)\"><\/div><div class=\"l-section-h i-cf\"><div class=\"g-cols vc_row via_flex valign_top type_default stacking_default\"><div class=\"vc_col-sm-12 wpb_column vc_column_container\"><div class=\"vc_column-inner\"><div class=\"wpb_wrapper\"><h1 style=\"font-size: 4rem;text-align: center\" class=\"vc_custom_heading vc_do_custom_heading us_custom_cda6f729\" >Other Ways to Help<\/h1><div class=\"w-iconbox iconpos_top style_default color_custom align_center no_text no_title\"><a href=\"#autres\" class=\"w-iconbox-link\" aria-label=\"fas|chevron-down\"><div class=\"w-iconbox-icon\" style=\"font-size:24px;\"><i class=\"fas fa-chevron-down\"><\/i><\/div><\/a><div class=\"w-iconbox-meta\"><\/div><\/div><\/div><\/div><\/div><\/div><\/div><\/section><section class=\"l-section wpb_row height_medium\" id=\"birthdayfundraiser\"><div class=\"l-section-h i-cf\"><div class=\"g-cols vc_row via_flex valign_top type_default stacking_default\"><div class=\"vc_col-sm-12 wpb_column vc_column_container\"><div class=\"vc_column-inner\"><div class=\"wpb_wrapper\"><div class=\"wpb_text_column\"><div class=\"wpb_wrapper\"><h2 style=\"text-align: center;\">Birthday Fundraiser<\/h2>\n<\/div><\/div><div class=\"w-actionbox color_primary controls_right\"><div class=\"w-actionbox-text\"><h4 class=\"w-actionbox-title\">Celebrate your birthday by changing lives<\/h4><div class=\"w-actionbox-description\"><p>Create a birthday fundraiser on Facebook in just a few clicks!<br \/>\nDiscover our step-by-step guide.<\/p>\n<\/div><\/div><div class=\"w-actionbox-controls\"><a class=\"w-btn us-btn-style_4\" href=\"https:\/\/gfgsmtl.qc.ca\/en\/support-us\/other-ways-to-help\/facebook-birthday-fundraiser\/\" style=\"font-size:16px;\"><span class=\"w-btn-label\">LEARN MORE<\/span><\/a><\/div><\/div><\/div><\/div><\/div><\/div><\/div><\/section><section class=\"l-section wpb_row height_medium color_alternate\" id=\"professionalinvolvement\"><div class=\"l-section-h i-cf\"><div class=\"g-cols vc_row via_flex valign_top type_default stacking_default\"><div class=\"vc_col-sm-12 wpb_column vc_column_container\"><div class=\"vc_column-inner\"><div class=\"wpb_wrapper\"><div class=\"wpb_text_column\"><div class=\"wpb_wrapper\"><h2 style=\"text-align: center;\"><span style=\"color: #333333;\">Professional Involvement<\/span><\/h2>\n<\/div><\/div><div class=\"g-cols wpb_row via_flex valign_top type_default stacking_default\"><div class=\"vc_col-sm-12 wpb_column vc_column_container\"><div class=\"vc_column-inner\"><div class=\"wpb_wrapper\"><div class=\"wpb_text_column\"><div class=\"wpb_wrapper\"><h4 style=\"text-align: left;\">Overview of our services<\/h4>\n<\/div><\/div><div class=\"wpb_text_column\"><div class=\"wpb_wrapper\"><p><span style=\"color: #333333;\">You are part of a company and would like us to <strong>showcase our services<\/strong> at your facility?<\/span><\/p>\n<\/div><\/div><div class=\"w-btn-wrapper align_center\"><a class=\"w-btn us-btn-style_3 icon_atleft\" href=\"http:\/\/gfgsmtl.qc.ca\/en\/contact-us\/#contactus\"><i class=\"fas fa-envelope\"><\/i><span class=\"w-btn-label\">CONTACT US<\/span><\/a><\/div><\/div><\/div><\/div><\/div><\/div><\/div><\/div><\/div><\/div><\/section><section class=\"l-section wpb_row height_medium\" id=\"donateclothes\"><div class=\"l-section-h i-cf\"><div class=\"g-cols vc_row via_flex valign_top type_default stacking_default\"><div class=\"vc_col-sm-12 wpb_column vc_column_container\"><div class=\"vc_column-inner\"><div class=\"wpb_wrapper\"><div class=\"wpb_text_column\"><div class=\"wpb_wrapper\"><h2 style=\"text-align: center;\"><span style=\"color: #333333;\">Donate Clothes<\/span><\/h2>\n<\/div><\/div><div class=\"w-actionbox color_primary controls_right\"><div class=\"w-actionbox-text\"><h4 class=\"w-actionbox-title\">How to donate?<\/h4><div class=\"w-actionbox-description\"><p>Donating clothes is an important way to contribute to our agency&rsquo;s funding. <strong><a href=\"https:\/\/fondationlacollecte.ca\/?lang=en\">La Collecte Foundation<\/a><\/strong> helps us acquire the funds we need by collecting your donations.<\/p>\n<\/div><\/div><div class=\"w-actionbox-controls\"><a class=\"w-btn us-btn-style_4\" href=\"https:\/\/fondationlacollecte.ca\/?lang=en\" style=\"font-size:16px;\"><span class=\"w-btn-label\">LEARN MORE<\/span><\/a><\/div><\/div><\/div><\/div><\/div><\/div><\/div><\/section><section class=\"l-section wpb_row height_medium color_alternate\" id=\"other\"><div class=\"l-section-h i-cf\"><div class=\"g-cols vc_row via_flex valign_top type_default stacking_default\"><div class=\"vc_col-sm-12 wpb_column vc_column_container\"><div class=\"vc_column-inner\"><div class=\"wpb_wrapper\"><div class=\"g-cols wpb_row via_flex valign_top type_default stacking_default\"><div class=\"vc_col-sm-12 wpb_column vc_column_container\"><div class=\"vc_column-inner\"><div class=\"wpb_wrapper\"><div class=\"wpb_text_column\"><div class=\"wpb_wrapper\"><h2 style=\"text-align: center;\">Ambassadors<\/h2>\n<\/div><\/div><\/div><\/div><\/div><\/div><div class=\"wpb_text_column\"><div class=\"wpb_wrapper\"><h4 style=\"text-align: left;\"><span style=\"color: #333333;\">Volunteers, partners, employees, families\u2026 you are all our <strong>AMBASSADORS<\/strong>!<\/span><\/h4>\n<p><span style=\"color: #333333;\">You are the reason why our movement is still going strong after over a <strong>century<\/strong> in Canada. Your\u00a0ever-lasting support has helped us match close to <strong>39,000<\/strong> youths since our beginnings.<\/span><\/p>\n<p><span style=\"color: #333333;\">To continue offering our services to a greater number of youth, we need Ambassadors such as yourself to pass on our message throughout the year. Discover the many ways you can get involved with our cause!<\/span><\/p>\n<p><span style=\"color: #333333;\">With better visibility, we can help more families and reduce waiting time for each youth.<\/span><\/p>\n<p style=\"text-align: center;\"><span style=\"color: #333333;\"><em>By changing a young person\u2019s life, we can change the future of an entire community.<br \/>\n<\/em><\/span><span style=\"color: #333333;\"><strong>In 2025, be part of something BIG!<\/strong><\/span><\/p>\n<\/div><\/div><div class=\"w-separator size_custom\" style=\"height:22px\"><\/div><div class=\"wpb_text_column\"><div class=\"wpb_wrapper\"><h4 style=\"text-align: center;\">Meet our\u00a0ambassadors<\/h4>\n<\/div><\/div><\/div><\/div><\/div><\/div><\/div><\/section><section class=\"l-section wpb_row height_medium\"><div class=\"l-section-h i-cf\"><div class=\"g-cols vc_row via_flex valign_top type_default stacking_default\"><div class=\"vc_col-sm-6 wpb_column vc_column_container\"><div class=\"vc_column-inner\"><div class=\"wpb_wrapper\"><div class=\"w-person layout_circle\" itemscope itemtype=\"https:\/\/schema.org\/Person\"><div class=\"w-person-image\"><a target=\"_blank\" rel=\"nofollow\" href=\"https:\/\/fr.wikipedia.org\/wiki\/Alexander_Bisping\" class=\"w-person-link\" aria-label=\"Nada Boumeftah\"><img loading=\"lazy\" decoding=\"async\" width=\"350\" height=\"350\" src=\"https:\/\/gfgsmtl.qc.ca\/wp-content\/uploads\/2024\/09\/Nada-B-1.jpg\" class=\"attachment-large size-large\" alt=\"Nada Boumeftah Avocate et Chroniqueuse en Droit\" itemprop=\"image\" srcset=\"https:\/\/gfgsmtl.qc.ca\/wp-content\/uploads\/2024\/09\/Nada-B-1.jpg 350w, https:\/\/gfgsmtl.qc.ca\/wp-content\/uploads\/2024\/09\/Nada-B-1-300x300.jpg 300w, https:\/\/gfgsmtl.qc.ca\/wp-content\/uploads\/2024\/09\/Nada-B-1-150x150.jpg 150w, https:\/\/gfgsmtl.qc.ca\/wp-content\/uploads\/2024\/09\/Nada-B-1-12x12.jpg 12w\" sizes=\"auto, (max-width: 350px) 100vw, 350px\" \/><\/a><\/div><div class=\"w-person-content\"><h4 itemprop=\"name\" class=\"w-person-name\"><a target=\"_blank\" rel=\"nofollow\" href=\"https:\/\/fr.wikipedia.org\/wiki\/Alexander_Bisping\" class=\"w-person-link\" aria-label=\"Nada Boumeftah\"><span>Nada Boumeftah<\/span><\/a><\/h4><div class=\"w-person-role\" itemprop=\"jobTitle\">Lawyer and Legal Columnist<\/div><\/div><\/div><\/div><\/div><\/div><div class=\"vc_col-sm-6 wpb_column vc_column_container\"><div class=\"vc_column-inner\"><div class=\"wpb_wrapper\"><div class=\"w-person layout_circle\" itemscope itemtype=\"https:\/\/schema.org\/Person\"><div class=\"w-person-image\"><a href=\"https:\/\/www.youtube.com\/watch?v=SU8xNwjxua8\" class=\"w-person-link\" aria-label=\"Michel-Olivier Girard\"><img loading=\"lazy\" decoding=\"async\" width=\"360\" height=\"360\" src=\"https:\/\/gfgsmtl.qc.ca\/wp-content\/uploads\/2022\/09\/MOG.png\" class=\"attachment-large size-large\" alt=\"Michel Olivier Girard BBBS Montreal\" itemprop=\"image\" srcset=\"https:\/\/gfgsmtl.qc.ca\/wp-content\/uploads\/2022\/09\/MOG.png 360w, https:\/\/gfgsmtl.qc.ca\/wp-content\/uploads\/2022\/09\/MOG-300x300.png 300w, https:\/\/gfgsmtl.qc.ca\/wp-content\/uploads\/2022\/09\/MOG-150x150.png 150w, https:\/\/gfgsmtl.qc.ca\/wp-content\/uploads\/2022\/09\/MOG-12x12.png 12w, https:\/\/gfgsmtl.qc.ca\/wp-content\/uploads\/2022\/09\/MOG-350x350.png 350w\" sizes=\"auto, (max-width: 360px) 100vw, 360px\" \/><\/a><\/div><div class=\"w-person-content\"><h4 itemprop=\"name\" class=\"w-person-name\"><a href=\"https:\/\/www.youtube.com\/watch?v=SU8xNwjxua8\" class=\"w-person-link\" aria-label=\"Michel-Olivier Girard\"><span>Michel-Olivier Girard<\/span><\/a><\/h4><div class=\"w-person-role\" itemprop=\"jobTitle\">Actor \/ President of Voil\u00e0Casting.com<\/div><\/div><\/div><\/div><\/div><\/div><\/div><\/div><\/section>","protected":false},"excerpt":{"rendered":"Other Ways to HelpBirthday Fundraiser Celebrate your birthday by changing livesCreate a birthday fundraiser on Facebook in just a few clicks! Discover our step-by-step guide. LEARN MOREProfessional Involvement Overview of our services You are part of a company and would like us to showcase our services at your facility? CONTACT USDonate Clothes How to donate?Donating...","protected":false},"author":1,"featured_media":0,"parent":6951,"menu_order":0,"comment_status":"closed","ping_status":"closed","template":"","meta":{"_monsterinsights_skip_tracking":false,"_monsterinsights_sitenote_active":false,"_monsterinsights_sitenote_note":"","_monsterinsights_sitenote_category":0,"footnotes":""},"class_list":["post-8122","page","type-page","status-publish","hentry"],"yoast_head":"<!-- This site is optimized with the Yoast SEO plugin v27.5 - https:\/\/yoast.com\/product\/yoast-seo-wordpress\/ -->\n<title>Other Ways to Help | Big Brothers Big Sisters of Greater Montreal<\/title>\n<meta name=\"description\" content=\"There are many ways to support the mission of changing children&#039;s lives for the better. Discover how to get yourself or your community involved in our cause!\" \/>\n<meta name=\"robots\" content=\"index, follow, max-snippet:-1, max-image-preview:large, max-video-preview:-1\" \/>\n<link rel=\"canonical\" href=\"https:\/\/gfgsmtl.qc.ca\/en\/support-us\/other-ways-to-help\/\" \/>\n<meta property=\"og:locale\" content=\"en_US\" \/>\n<meta property=\"og:type\" content=\"article\" \/>\n<meta property=\"og:title\" content=\"Other Ways to Help | Big Brothers Big Sisters of Greater Montreal\" \/>\n<meta property=\"og:description\" content=\"There are many ways to support the mission of changing children&#039;s lives for the better. Discover how to get yourself or your community involved in our cause!\" \/>\n<meta property=\"og:url\" content=\"https:\/\/gfgsmtl.qc.ca\/en\/support-us\/other-ways-to-help\/\" \/>\n<meta property=\"og:site_name\" content=\"Big Brothers Big Sisters of Greater Montreal\" \/>\n<meta property=\"article:publisher\" content=\"https:\/\/www.facebook.com\/GFGSmontreal\/\" \/>\n<meta property=\"article:modified_time\" content=\"2025-01-17T20:50:33+00:00\" \/>\n<meta name=\"twitter:card\" content=\"summary_large_image\" \/>\n<meta name=\"twitter:site\" content=\"@GFGSmontreal\" \/>\n<meta name=\"twitter:label1\" content=\"Est. reading time\" \/>\n\t<meta name=\"twitter:data1\" content=\"2 minutes\" \/>\n<script type=\"application\/ld+json\" class=\"yoast-schema-graph\">{\"@context\":\"https:\\\/\\\/schema.org\",\"@graph\":[{\"@type\":\"WebPage\",\"@id\":\"https:\\\/\\\/gfgsmtl.qc.ca\\\/en\\\/support-us\\\/other-ways-to-help\\\/\",\"url\":\"https:\\\/\\\/gfgsmtl.qc.ca\\\/en\\\/support-us\\\/other-ways-to-help\\\/\",\"name\":\"Other Ways to Help | Big Brothers Big Sisters of Greater Montreal\",\"isPartOf\":{\"@id\":\"https:\\\/\\\/gfgsmtl.qc.ca\\\/en\\\/#website\"},\"datePublished\":\"2019-04-03T15:03:46+00:00\",\"dateModified\":\"2025-01-17T20:50:33+00:00\",\"description\":\"There are many ways to support the mission of changing children's lives for the better. Discover how to get yourself or your community involved in our cause!\",\"breadcrumb\":{\"@id\":\"https:\\\/\\\/gfgsmtl.qc.ca\\\/en\\\/support-us\\\/other-ways-to-help\\\/#breadcrumb\"},\"inLanguage\":\"en-CA\",\"potentialAction\":[{\"@type\":\"ReadAction\",\"target\":[\"https:\\\/\\\/gfgsmtl.qc.ca\\\/en\\\/support-us\\\/other-ways-to-help\\\/\"]}]},{\"@type\":\"BreadcrumbList\",\"@id\":\"https:\\\/\\\/gfgsmtl.qc.ca\\\/en\\\/support-us\\\/other-ways-to-help\\\/#breadcrumb\",\"itemListElement\":[{\"@type\":\"ListItem\",\"position\":1,\"name\":\"Accueil\",\"item\":\"https:\\\/\\\/gfgsmtl.qc.ca\\\/en\\\/home\\\/\"},{\"@type\":\"ListItem\",\"position\":2,\"name\":\"Support Us\",\"item\":\"https:\\\/\\\/gfgsmtl.qc.ca\\\/en\\\/support-us\\\/\"},{\"@type\":\"ListItem\",\"position\":3,\"name\":\"Other Ways to Help\"}]},{\"@type\":\"WebSite\",\"@id\":\"https:\\\/\\\/gfgsmtl.qc.ca\\\/en\\\/#website\",\"url\":\"https:\\\/\\\/gfgsmtl.qc.ca\\\/en\\\/\",\"name\":\"Big Brothers Big Sisters of Greater Montreal\",\"description\":\"\",\"potentialAction\":[{\"@type\":\"SearchAction\",\"target\":{\"@type\":\"EntryPoint\",\"urlTemplate\":\"https:\\\/\\\/gfgsmtl.qc.ca\\\/en\\\/?s={search_term_string}\"},\"query-input\":{\"@type\":\"PropertyValueSpecification\",\"valueRequired\":true,\"valueName\":\"search_term_string\"}}],\"inLanguage\":\"en-CA\"}]}<\/script>\n<!-- \/ Yoast SEO plugin. -->","yoast_head_json":{"title":"Other Ways to Help | Big Brothers Big Sisters of Greater Montreal","description":"There are many ways to support the mission of changing children's lives for the better. Discover how to get yourself or your community involved in our cause!","robots":{"index":"index","follow":"follow","max-snippet":"max-snippet:-1","max-image-preview":"max-image-preview:large","max-video-preview":"max-video-preview:-1"},"canonical":"https:\/\/gfgsmtl.qc.ca\/en\/support-us\/other-ways-to-help\/","og_locale":"en_US","og_type":"article","og_title":"Other Ways to Help | Big Brothers Big Sisters of Greater Montreal","og_description":"There are many ways to support the mission of changing children's lives for the better. Discover how to get yourself or your community involved in our cause!","og_url":"https:\/\/gfgsmtl.qc.ca\/en\/support-us\/other-ways-to-help\/","og_site_name":"Big Brothers Big Sisters of Greater Montreal","article_publisher":"https:\/\/www.facebook.com\/GFGSmontreal\/","article_modified_time":"2025-01-17T20:50:33+00:00","twitter_card":"summary_large_image","twitter_site":"@GFGSmontreal","twitter_misc":{"Est. reading time":"2 minutes"},"schema":{"@context":"https:\/\/schema.org","@graph":[{"@type":"WebPage","@id":"https:\/\/gfgsmtl.qc.ca\/en\/support-us\/other-ways-to-help\/","url":"https:\/\/gfgsmtl.qc.ca\/en\/support-us\/other-ways-to-help\/","name":"Other Ways to Help | Big Brothers Big Sisters of Greater Montreal","isPartOf":{"@id":"https:\/\/gfgsmtl.qc.ca\/en\/#website"},"datePublished":"2019-04-03T15:03:46+00:00","dateModified":"2025-01-17T20:50:33+00:00","description":"There are many ways to support the mission of changing children's lives for the better. Discover how to get yourself or your community involved in our cause!","breadcrumb":{"@id":"https:\/\/gfgsmtl.qc.ca\/en\/support-us\/other-ways-to-help\/#breadcrumb"},"inLanguage":"en-CA","potentialAction":[{"@type":"ReadAction","target":["https:\/\/gfgsmtl.qc.ca\/en\/support-us\/other-ways-to-help\/"]}]},{"@type":"BreadcrumbList","@id":"https:\/\/gfgsmtl.qc.ca\/en\/support-us\/other-ways-to-help\/#breadcrumb","itemListElement":[{"@type":"ListItem","position":1,"name":"Accueil","item":"https:\/\/gfgsmtl.qc.ca\/en\/home\/"},{"@type":"ListItem","position":2,"name":"Support Us","item":"https:\/\/gfgsmtl.qc.ca\/en\/support-us\/"},{"@type":"ListItem","position":3,"name":"Other Ways to Help"}]},{"@type":"WebSite","@id":"https:\/\/gfgsmtl.qc.ca\/en\/#website","url":"https:\/\/gfgsmtl.qc.ca\/en\/","name":"Big Brothers Big Sisters of Greater Montreal","description":"","potentialAction":[{"@type":"SearchAction","target":{"@type":"EntryPoint","urlTemplate":"https:\/\/gfgsmtl.qc.ca\/en\/?s={search_term_string}"},"query-input":{"@type":"PropertyValueSpecification","valueRequired":true,"valueName":"search_term_string"}}],"inLanguage":"en-CA"}]}},"_links":{"self":[{"href":"https:\/\/gfgsmtl.qc.ca\/en\/wp-json\/wp\/v2\/pages\/8122","targetHints":{"allow":["GET"]}}],"collection":[{"href":"https:\/\/gfgsmtl.qc.ca\/en\/wp-json\/wp\/v2\/pages"}],"about":[{"href":"https:\/\/gfgsmtl.qc.ca\/en\/wp-json\/wp\/v2\/types\/page"}],"author":[{"embeddable":true,"href":"https:\/\/gfgsmtl.qc.ca\/en\/wp-json\/wp\/v2\/users\/1"}],"replies":[{"embeddable":true,"href":"https:\/\/gfgsmtl.qc.ca\/en\/wp-json\/wp\/v2\/comments?post=8122"}],"version-history":[{"count":16,"href":"https:\/\/gfgsmtl.qc.ca\/en\/wp-json\/wp\/v2\/pages\/8122\/revisions"}],"predecessor-version":[{"id":14879,"href":"https:\/\/gfgsmtl.qc.ca\/en\/wp-json\/wp\/v2\/pages\/8122\/revisions\/14879"}],"up":[{"embeddable":true,"href":"https:\/\/gfgsmtl.qc.ca\/en\/wp-json\/wp\/v2\/pages\/6951"}],"wp:attachment":[{"href":"https:\/\/gfgsmtl.qc.ca\/en\/wp-json\/wp\/v2\/media?parent=8122"}],"curies":[{"name":"wp","href":"https:\/\/api.w.org\/{rel}","templated":true}]}}