{"id":7604,"date":"2018-09-06T17:08:27","date_gmt":"2018-09-06T15:08:27","guid":{"rendered":"http:\/\/gfgsmtl.qc.ca\/?page_id=7604"},"modified":"2025-07-04T09:32:33","modified_gmt":"2025-07-04T13:32:33","slug":"bbbsquebec","status":"publish","type":"page","link":"https:\/\/gfgsmtl.qc.ca\/en\/bbbsquebec\/","title":{"rendered":"BBBS Quebec"},"content":{"rendered":"<section class=\"l-section wpb_row height_medium full_height valign_center color_primary with_img parallax_ver\"><div class=\"l-section-img\" role=\"img\" aria-label=\"Contactez GFGS\" data-img-width=\"1920\" data-img-height=\"1281\" style=\"background-image: url(https:\/\/gfgsmtl.qc.ca\/wp-content\/uploads\/2016\/12\/A_DD88736.jpg);\"><\/div><div class=\"l-section-overlay\" style=\"background:rgba(30,30,30,0.75)\"><\/div><div class=\"l-section-h i-cf\"><div class=\"g-cols vc_row via_flex valign_top type_default stacking_default\"><div class=\"vc_col-sm-12 wpb_column vc_column_container\"><div class=\"vc_column-inner\"><div class=\"wpb_wrapper\"><h1 style=\"font-size: 60px;text-align: center\" class=\"vc_custom_heading vc_do_custom_heading us_custom_cda6f729\" >Big Brothers Big Sisters in Quebec<\/h1><div class=\"w-iconbox iconpos_top style_default color_custom align_center no_text no_title\"><a href=\"#contact\" class=\"w-iconbox-link\" aria-label=\"fas|chevron-down\"><div class=\"w-iconbox-icon\" style=\"font-size:2rem;--icon-color:#ffffff;\"><i class=\"fas fa-chevron-down\"><\/i><\/div><\/a><div class=\"w-iconbox-meta\"><\/div><\/div><\/div><\/div><\/div><\/div><\/div><\/section><section class=\"l-section wpb_row height_medium\"><div class=\"l-section-h i-cf\"><div class=\"g-cols vc_row via_flex valign_top type_default stacking_default\"><div class=\"vc_col-sm-12 wpb_column vc_column_container\"><div class=\"vc_column-inner\"><div class=\"wpb_wrapper\"><h2 style=\"text-align: center;font-family:Basic;font-weight:400;font-style:normal\" class=\"vc_custom_heading vc_do_custom_heading us_custom_cda6f729\" >FIND A BIG BROTHERS BIG SISTERS AGENCY NEARBY<\/h2>\n\t<div class=\"wpb_raw_code wpb_raw_html wpb_content_element gfgsquebec us_custom_909b2fd0\" >\n\t\t<div class=\"wpb_wrapper\">\n\t\t\t<iframe loading=\"lazy\" src=\"https:\/\/www.google.com\/maps\/d\/u\/0\/embed?mid=1J17iyZAJaNMiXc9hBWDFtem4yhemGPjq\" width=\"960\" height=\"720\"><\/iframe>\n\t\t<\/div>\n\t<\/div>\n<\/div><\/div><\/div><\/div><\/div><\/section><section class=\"l-section wpb_row height_medium\"><div class=\"l-section-h i-cf\"><div class=\"g-cols vc_row via_flex valign_top type_default stacking_default\"><div class=\"vc_col-sm-12 wpb_column vc_column_container\"><div class=\"vc_column-inner\"><div class=\"wpb_wrapper\"><div class=\"wpb_text_column\"><div class=\"wpb_wrapper\"><article id=\"post-4363\" class=\"w2dc-row w2dc-listing\">\n<div class=\"w2dc-clearfix w2dc-listing-text-content-wrap-nologo\">\n<header class=\"w2dc-listing-header\">\n<h4 style=\"text-align: center;\"><strong>BBBS\u00a0<a href=\"https:\/\/bigbrothersbigsisters.ca\/find-agency-near\/\">in CANADA<\/a><\/strong><\/h4>\n<hr \/>\n<h4 style=\"text-align: center;\"><strong>BBBS in QUEBEC :<\/strong><\/h4>\n<h4><a title=\"Big Brothers Big Sisters of West Island\" href=\"https:\/\/westisland.bigbrothersbigsisters.ca\/\">BBBS WEST ISLAND<\/a><\/h4>\n<\/header>\n<div class=\"w2dc-field w2dc-field-output-block w2dc-field-output-block-address w2dc-field-output-block-2\"><span itemprop=\"streetAddress\">9300 Trans Canada Route,<\/span><span>\u00a0<\/span><span itemprop=\"addressLocality\">Saint Laurent,<\/span><span>\u00a0<\/span><span itemprop=\"addressRegion\">QC<\/span><span>\u00a0<\/span><span itemprop=\"addressCountry\">Canada<\/span><span>\u00a0<\/span><span itemprop=\"postalCode\">H4S 1K5<\/span><\/div>\n<div class=\"w2dc-field w2dc-field-output-block w2dc-field-output-block-string w2dc-field-output-block-6\"><span class=\"w2dc-field-content\">(514) 538-6100<\/span><\/div>\n<div class=\"w2dc-field w2dc-field-output-block w2dc-field-output-block-email w2dc-field-output-block-8\"><a href=\"mailto:bbbswi@bigbrothersbigsisters.ca\">bbbswi@bigbrothersbigsisters.ca<\/a><\/div>\n<div class=\"w2dc-field w2dc-field-output-block w2dc-field-output-block-website w2dc-field-output-block-7\"><span class=\"w2dc-field-content\"><a href=\"https:\/\/westisland.bigbrothersbigsisters.ca\/\" target=\"_blank\" rel=\"nofollow noopener noreferrer\">https:\/\/westisland.bigbrothersbigsisters.ca\/<\/a><\/span><\/div>\n<\/div>\n<div>\n<article id=\"post-4363\" class=\"w2dc-row w2dc-listing\">\n<div class=\"w2dc-clearfix w2dc-listing-text-content-wrap-nologo\">\n<div class=\"w2dc-field w2dc-field-output-block w2dc-field-output-block-website w2dc-field-output-block-7\"><\/div>\n<div class=\"w2dc-field w2dc-field-output-block w2dc-field-output-block-website w2dc-field-output-block-7\">\n<hr \/>\n<h4 style=\"text-align: left;\"><a href=\"https:\/\/abitibi-temiscamingue.grandsfreresgrandessoeurs.ca\/\"><strong>BBBS\u00a0 ABITIBI<\/strong><\/a><\/h4>\n<\/div>\n<\/div>\n<\/article>\n<article id=\"post-4370\" class=\"w2dc-row w2dc-listing\">\n<div class=\"w2dc-clearfix w2dc-listing-text-content-wrap-nologo\">\n<div class=\"w2dc-field w2dc-field-output-block w2dc-field-output-block-address w2dc-field-output-block-2\"><span class=\"w2dc-field-caption\"><span class=\"w2dc-field-name\">Adresse : 380 avenue Richard, Rouyn-Noranda, QC J9X 4L3<\/span><\/span><\/div>\n<div class=\"w2dc-field w2dc-field-output-block w2dc-field-output-block-string w2dc-field-output-block-6\"><span class=\"w2dc-field-caption\"><span class=\"w2dc-field-name\">T\u00e9l\u00e9phone :819-762-0167<\/span><\/span><\/div>\n<div class=\"w2dc-field w2dc-field-output-block w2dc-field-output-block-email w2dc-field-output-block-8\"><span class=\"w2dc-field-caption\"><span class=\"w2dc-field-name\">Courriel : <a href=\"mailto:veronique.bouchard@grandsfreresgrandessoeurs.ca\">veronique.bouchard@grandsfreresgrandessoeurs.ca<\/a><\/span><\/span><\/div>\n<div class=\"w2dc-field w2dc-field-output-block w2dc-field-output-block-website w2dc-field-output-block-7\"><span class=\"w2dc-field-caption\"><span class=\"w2dc-field-name\">Site Internet :<\/span> <a href=\"https:\/\/abitibi-temiscamingue.grandsfreresgrandessoeurs.ca\/\">https:\/\/abitibi-temiscamingue.grandsfreresgrandessoeurs.ca\/<\/a><\/span><\/div>\n<\/div>\n<\/article>\n<\/div>\n<\/article>\n<article id=\"post-4370\" class=\"w2dc-row w2dc-listing\">\n<div class=\"w2dc-clearfix w2dc-listing-text-content-wrap-nologo\">\n<div>\n<hr \/>\n<\/div>\n<\/div>\n<\/article>\n<article id=\"post-4359\" class=\"w2dc-row w2dc-listing\">\n<div class=\"w2dc-clearfix w2dc-listing-text-content-wrap-nologo\">\n<header class=\"w2dc-listing-header\">\n<h4><a title=\"GFGS DE L\u2019ESTRIE\" href=\"https:\/\/estrie.grandsfreresgrandessoeurs.ca\/\">BBBS ESTRIE<\/a><\/h4>\n<\/header>\n<div class=\"w2dc-field w2dc-field-output-block w2dc-field-output-block-address w2dc-field-output-block-2\">1265 rue Belv\u00e9d\u00e8re Sud,\u00a0Sherbrooke\u00a0J1H 4E2<\/div>\n<div class=\"w2dc-field w2dc-field-output-block w2dc-field-output-block-string w2dc-field-output-block-6\"><span class=\"w2dc-field-content\">(819) 822-3243<\/span><\/div>\n<div class=\"w2dc-field w2dc-field-output-block w2dc-field-output-block-email w2dc-field-output-block-8\"><span class=\"w2dc-field-content\"><a href=\"mailto:information.estrie@grandsfreresgrandessoeurs.ca\">information.estrie@grandsfreresgrandessoeurs.ca<\/a><\/span><\/div>\n<div class=\"w2dc-field w2dc-field-output-block w2dc-field-output-block-website w2dc-field-output-block-7\"><span class=\"w2dc-field-content\"><a href=\"https:\/\/estrie.grandsfreresgrandessoeurs.ca\/\" target=\"_blank\" rel=\"nofollow noopener noreferrer\">https:\/\/estrie.grandsfreresgrandessoeurs.ca\/<\/a><\/span><\/div>\n<\/div>\n<\/article>\n<article id=\"post-4360\" class=\"w2dc-row w2dc-listing\">\n<div class=\"w2dc-clearfix w2dc-listing-text-content-wrap-nologo\">\n<header class=\"w2dc-listing-header\">\n<hr \/>\n<h4><a title=\"GFGS DE LA MONT\u00c9R\u00c9GIE\" href=\"http:\/\/www.gfgsm.org\">BBBS MONT\u00c9R\u00c9GIE<\/a><\/h4>\n<\/header>\n<div class=\"w2dc-field w2dc-field-output-block w2dc-field-output-block-address w2dc-field-output-block-2\">2949, rue Picard, bureau 201 St-Hyacinthe (Qc) J2S 1H2<\/div>\n<div class=\"w2dc-field w2dc-field-output-block w2dc-field-output-block-string w2dc-field-output-block-6\"><span class=\"w2dc-field-content\">(450) 774-8723<\/span><\/div>\n<div class=\"w2dc-field w2dc-field-output-block w2dc-field-output-block-email w2dc-field-output-block-8\"><a href=\"mailto:info.monteregie@grandsfreresgrandessoeurs.ca\">info.monteregie@grandsfreresgrandessoeurs.ca<\/a><\/div>\n<div class=\"w2dc-field w2dc-field-output-block w2dc-field-output-block-website w2dc-field-output-block-7\"><span class=\"w2dc-field-content\"><a href=\"http:\/\/www.gfgsm.org\/\" target=\"_blank\" rel=\"nofollow noopener noreferrer\">www.gfgsm.org<\/a><\/span><\/div>\n<\/div>\n<\/article>\n<article id=\"post-4366\" class=\"w2dc-row w2dc-listing\">\n<div class=\"w2dc-clearfix w2dc-listing-text-content-wrap-nologo\">\n<header class=\"w2dc-listing-header\">\n<hr \/>\n<h4><a title=\"GFGS DE LA PORTE DU NORD\" href=\"https:\/\/portedunord.grandsfreresgrandessoeurs.ca\/\">BBBS PORTE DU NORD<\/a><\/h4>\n<\/header>\n<div class=\"w2dc-field w2dc-field-output-block w2dc-field-output-block-address w2dc-field-output-block-2\">770 rue Labelle,\u00a0Saint J\u00e9r\u00f4me\u00a0J7Z 5M3<\/div>\n<div class=\"w2dc-field w2dc-field-output-block w2dc-field-output-block-string w2dc-field-output-block-6\"><span class=\"w2dc-field-content\">(450) 565-4562<\/span><\/div>\n<div class=\"w2dc-field w2dc-field-output-block w2dc-field-output-block-email w2dc-field-output-block-8\"><span class=\"w2dc-field-content\"><a href=\"mailto:info.portedunord@grandsfreresgrandessoeurs.ca\">info.portedunord@grandsfreresgrandessoeurs.ca<\/a><\/span><\/div>\n<div class=\"w2dc-field w2dc-field-output-block w2dc-field-output-block-website w2dc-field-output-block-7\"><span class=\"w2dc-field-content\"><a href=\"https:\/\/portedunord.grandsfreresgrandessoeurs.ca\/\" target=\"_blank\" rel=\"nofollow noopener noreferrer\">https:\/\/portedunord.grandsfreresgrandessoeurs.ca\/<\/a><\/span><\/div>\n<\/div>\n<\/article>\n<article id=\"post-4356\" class=\"w2dc-row w2dc-listing\">\n<div class=\"w2dc-clearfix w2dc-listing-text-content-wrap-nologo\">\n<header class=\"w2dc-listing-header\">\n<hr \/>\n<h4><a href=\"https:\/\/quebec.grandsfreresgrandessoeurs.ca\/\">BBBS QUEBEC<\/a><\/h4>\n<\/header>\n<div class=\"w2dc-field w2dc-field-output-block w2dc-field-output-block-address w2dc-field-output-block-2\"><span class=\"w2dc-field-caption\"><span class=\"w2dc-field-name\">245 Soumande street, office 295, Quebec, QC G1M 3H6<\/span><\/span><\/div>\n<div class=\"w2dc-field w2dc-field-output-block w2dc-field-output-block-string w2dc-field-output-block-6\"><span class=\"w2dc-field-content\">(418) 624-3304<\/span><\/div>\n<div class=\"w2dc-field w2dc-field-output-block w2dc-field-output-block-email w2dc-field-output-block-8\"><a tabindex=\"-1\" title=\"mailto:gfgsquebec@grandsfreresgrandessoeurs.ca\" href=\"mailto:gfgsquebec@grandsfreresgrandessoeurs.ca\" target=\"_blank\" rel=\"noopener noreferrer\" aria-label=\"Lien gfgsquebec@grandsfreresgrandessoeurs.ca\">gfgsquebec@grandsfreresgrandessoeurs.ca<\/a><\/div>\n<div class=\"w2dc-field w2dc-field-output-block w2dc-field-output-block-website w2dc-field-output-block-7\"><a href=\"https:\/\/quebec.grandsfreresgrandessoeurs.ca\/\">https:\/\/quebec.grandsfreresgrandessoeurs.ca\/<\/a><\/div>\n<\/div>\n<\/article>\n<article id=\"post-4351\" class=\"w2dc-row w2dc-listing\">\n<div class=\"w2dc-clearfix w2dc-listing-text-content-wrap-nologo\">\n<header class=\"w2dc-listing-header\">\n<hr \/>\n<h4><a href=\"http:\/\/www.gfgstr.com\">BBBS TROIS-RIVI\u00c8RES<\/a><\/h4>\n<\/header>\n<div class=\"w2dc-field w2dc-field-output-block w2dc-field-output-block-address w2dc-field-output-block-2\">1060, rue Saint-Fran\u00e7ois-Xavier, bureau 340 Trois-Rivi\u00e8res (Qu\u00e9bec) G9A 1R8<\/div>\n<div class=\"w2dc-field w2dc-field-output-block w2dc-field-output-block-string w2dc-field-output-block-6\"><span class=\"w2dc-field-content\">(819) 840-0965<\/span><\/div>\n<div class=\"w2dc-field w2dc-field-output-block w2dc-field-output-block-email w2dc-field-output-block-8\"><a href=\"mailto:info@gfgstr.com\">info@gfgstr.com<\/a><\/div>\n<div class=\"w2dc-field w2dc-field-output-block w2dc-field-output-block-website w2dc-field-output-block-7\"><span class=\"w2dc-field-content\"><a href=\"http:\/\/www.gfgstr.com\/\" target=\"_blank\" rel=\"nofollow noopener noreferrer\">www.gfgstr.com<\/a><\/span><\/div>\n<\/div>\n<\/article>\n<article id=\"post-4357\" class=\"w2dc-row w2dc-listing\">\n<div class=\"w2dc-clearfix w2dc-listing-text-content-wrap-nologo\">\n<header class=\"w2dc-listing-header\">\n<hr \/>\n<h4><a href=\"https:\/\/outaouais.grandsfreresgrandessoeurs.ca\/\">BBBS OUTAOUAIS<\/a><\/h4>\n<\/header>\n<div class=\"w2dc-field w2dc-field-output-block w2dc-field-output-block-address w2dc-field-output-block-2\">562 Chem. Doherty, L&rsquo;Ange-Gardien Gatineau QC Canada J8L 0T4<\/div>\n<div class=\"w2dc-field w2dc-field-output-block w2dc-field-output-block-string w2dc-field-output-block-6\">819-281-0405<\/div>\n<div class=\"w2dc-field w2dc-field-output-block w2dc-field-output-block-email w2dc-field-output-block-8\"><a href=\"mailto:myriam.regimbal@grandsfreres-grandessoeurs.ca\"><strong>myriam.regimbal@grandsfreres-grandessoeurs.ca<\/strong><\/a><\/div>\n<div class=\"w2dc-field w2dc-field-output-block w2dc-field-output-block-website w2dc-field-output-block-7\"><span class=\"w2dc-field-caption\"><a href=\"https:\/\/outaouais.grandsfreresgrandessoeurs.ca\/\" target=\"_blank\" rel=\"nofollow noopener noreferrer\">https:\/\/outaouais.grandsfreresgrandessoeurs.ca<\/a><\/span><\/div>\n<\/div>\n<\/article>\n<article id=\"post-4361\" class=\"w2dc-row w2dc-listing\">\n<div class=\"w2dc-clearfix w2dc-listing-text-content-wrap-nologo\">\n<header class=\"w2dc-listing-header\">\n<hr \/>\n<h4><a href=\"https:\/\/domaine-du-roy.grandsfreresgrandessoeurs.ca\/\">BBBS DOMAINE DU ROY<\/a><\/h4>\n<\/header>\n<div class=\"w2dc-field w2dc-field-output-block w2dc-field-output-block-address w2dc-field-output-block-2\">181 St-Alphonse suite 203 Roberval QC Canada G8H 1K5<\/div>\n<div class=\"w2dc-field w2dc-field-output-block w2dc-field-output-block-string w2dc-field-output-block-6\"><span class=\"w2dc-field-content\">(418) 275-0483<\/span><\/div>\n<div class=\"w2dc-field w2dc-field-output-block w2dc-field-output-block-email w2dc-field-output-block-8\"><a href=\"mailto:jumelage.ddr@grandsfreresgrandessoeurs.ca\">jumelage.ddr@grandsfreresgrandessoeurs.ca<\/a><\/div>\n<div class=\"w2dc-field w2dc-field-output-block w2dc-field-output-block-website w2dc-field-output-block-7\"><a href=\"https:\/\/domaine-du-roy.grandsfreresgrandessoeurs.ca\/\">https:\/\/domaine-du-roy.grandsfreresgrandessoeurs.ca\/<\/a><\/div>\n<\/div>\n<\/article>\n<article id=\"post-4362\" class=\"w2dc-row w2dc-listing\">\n<div class=\"w2dc-clearfix w2dc-listing-text-content-wrap-nologo\">\n<header class=\"w2dc-listing-header\">\n<hr \/>\n<h4><a href=\"https:\/\/lac-st-jean.grandsfreresgrandessoeurs.ca\/\">BBBS LAC ST. JEAN NORD<\/a><\/h4>\n<\/header>\n<div class=\"w2dc-field w2dc-field-output-block w2dc-field-output-block-address w2dc-field-output-block-2\">1521 rue des \u00c9rables Dolbeau-Mistassini QC Canada G8L 1C4<\/div>\n<div class=\"w2dc-field w2dc-field-output-block w2dc-field-output-block-string w2dc-field-output-block-6\"><span class=\"w2dc-field-content\">(418) 276-8297<\/span><\/div>\n<div class=\"w2dc-field w2dc-field-output-block w2dc-field-output-block-email w2dc-field-output-block-8\"><a href=\"mailto:gfgslsjn@gmail.com\">gfgslsjn@gmail.com<\/a><\/div>\n<div class=\"w2dc-field w2dc-field-output-block w2dc-field-output-block-website w2dc-field-output-block-7\"><a href=\"https:\/\/lac-st-jean.grandsfreresgrandessoeurs.ca\/\">https:\/\/lac-st-jean.grandsfreresgrandessoeurs.ca\/<\/a><\/div>\n<\/div>\n<\/article>\n<article id=\"post-4365\" class=\"w2dc-row w2dc-listing\">\n<div class=\"w2dc-clearfix w2dc-listing-text-content-wrap-nologo\">\n<header class=\"w2dc-listing-header\">\n<hr \/>\n<h4><a href=\"http:\/\/www.gfgsmtl.qc.ca\">BBBS OF GREATER MONTREAL<\/a><\/h4>\n<\/header>\n<div class=\"w2dc-field w2dc-field-output-block w2dc-field-output-block-address w2dc-field-output-block-2\">3155 Hochelaga, office 202, Montreal H1W 1G4<\/div>\n<div class=\"w2dc-field w2dc-field-output-block w2dc-field-output-block-string w2dc-field-output-block-6\"><span class=\"w2dc-field-content\">(514) 842-9715<\/span><\/div>\n<div class=\"w2dc-field w2dc-field-output-block w2dc-field-output-block-email w2dc-field-output-block-8\"><span class=\"w2dc-field-content\"><a href=\"mailto:montreal@grandsfreresgrandessoeurs.ca\">montreal@grandsfreresgrandessoeurs.ca<\/a><\/span><\/div>\n<div class=\"w2dc-field w2dc-field-output-block w2dc-field-output-block-website w2dc-field-output-block-7\">\n<p><span class=\"w2dc-field-caption\"><span class=\"w2dc-field-caption\"><a href=\"http:\/\/www.gfgsmtl.qc.ca\/\">www.gfgsmtl.qc.ca<\/a><\/span><\/span><\/p>\n<hr \/>\n<header class=\"w2dc-listing-header\">\n<h4><a href=\"https:\/\/appalaches.grandsfreresgrandessoeurs.ca\/\">BBBS APPALACHES<\/a><\/h4>\n<\/header>\n<div class=\"w2dc-field w2dc-field-output-block w2dc-field-output-block-address w2dc-field-output-block-2\"><span class=\"w2dc-field-caption\"><span class=\"w2dc-field-name\">733 boul. Frontenac Ouest local 101-A,\u00a0Thetford Mines\u00a0G6G 7X9<\/span><\/span><\/div>\n<div class=\"w2dc-field w2dc-field-output-block w2dc-field-output-block-string w2dc-field-output-block-6\"><span class=\"w2dc-field-caption\">(418) 335-7404<\/span><\/div>\n<div class=\"w2dc-field w2dc-field-output-block w2dc-field-output-block-email w2dc-field-output-block-8\"><span class=\"w2dc-field-caption\"><a href=\"mailto:info@gfgsappalaches.com\">info@gfgsappalaches.com<\/a><\/span><\/div>\n<div class=\"w2dc-field w2dc-field-output-block w2dc-field-output-block-website w2dc-field-output-block-7\"><span class=\"w2dc-field-caption\"><a href=\"https:\/\/appalaches.grandsfreresgrandessoeurs.ca\/\">https:\/\/appalaches.grandsfreresgrandessoeurs.ca<\/a><\/span><\/div>\n<\/div>\n<\/div>\n<\/article>\n<\/div><\/div><\/div><\/div><\/div><\/div><\/div><\/section>","protected":false},"excerpt":{"rendered":"Big Brothers Big Sisters in QuebecFIND A BIG BROTHERS BIG SISTERS AGENCY NEARBY BBBS\u00a0in CANADA BBBS in QUEBEC : BBBS WEST ISLAND 9300 Trans Canada Route,\u00a0Saint Laurent,\u00a0QC\u00a0Canada\u00a0H4S 1K5 (514) 538-6100 bbbswi@bigbrothersbigsisters.ca https:\/\/westisland.bigbrothersbigsisters.ca\/ BBBS\u00a0 ABITIBI Adresse : 380 avenue Richard, Rouyn-Noranda, QC J9X 4L3 T\u00e9l\u00e9phone :819-762-0167 Courriel : veronique.bouchard@grandsfreresgrandessoeurs.ca Site Internet : https:\/\/abitibi-temiscamingue.grandsfreresgrandessoeurs.ca\/ BBBS ESTRIE 1265...","protected":false},"author":1,"featured_media":0,"parent":0,"menu_order":0,"comment_status":"closed","ping_status":"closed","template":"","meta":{"_monsterinsights_skip_tracking":false,"_monsterinsights_sitenote_active":false,"_monsterinsights_sitenote_note":"","_monsterinsights_sitenote_category":0,"footnotes":""},"class_list":["post-7604","page","type-page","status-publish","hentry"],"yoast_head":"<!-- This site is optimized with the Yoast SEO plugin v27.3 - https:\/\/yoast.com\/product\/yoast-seo-wordpress\/ -->\n<title>BBBS Quebec - Big Brothers Big Sisters of Greater Montreal<\/title>\n<meta name=\"description\" content=\"Trouvez un organisme Grands Fr\u00e8res Grandes S\u0153urs \u00e0 proximit\u00e9. Faites la diff\u00e9rence dans la vie d&#039;un enfant, devenez mentor ou faites un don.\" \/>\n<meta name=\"robots\" content=\"index, follow, max-snippet:-1, max-image-preview:large, max-video-preview:-1\" \/>\n<link rel=\"canonical\" href=\"https:\/\/gfgsmtl.qc.ca\/en\/bbbsquebec\/\" \/>\n<meta property=\"og:locale\" content=\"en_US\" \/>\n<meta property=\"og:type\" content=\"article\" \/>\n<meta property=\"og:title\" content=\"BBBS Quebec - Big Brothers Big Sisters of Greater Montreal\" \/>\n<meta property=\"og:description\" content=\"Trouvez un organisme Grands Fr\u00e8res Grandes S\u0153urs \u00e0 proximit\u00e9. Faites la diff\u00e9rence dans la vie d&#039;un enfant, devenez mentor ou faites un don.\" \/>\n<meta property=\"og:url\" content=\"https:\/\/gfgsmtl.qc.ca\/en\/bbbsquebec\/\" \/>\n<meta property=\"og:site_name\" content=\"Big Brothers Big Sisters of Greater Montreal\" \/>\n<meta property=\"article:publisher\" content=\"https:\/\/www.facebook.com\/GFGSmontreal\/\" \/>\n<meta property=\"article:modified_time\" content=\"2025-07-04T13:32:33+00:00\" \/>\n<meta name=\"twitter:card\" content=\"summary_large_image\" \/>\n<meta name=\"twitter:site\" content=\"@GFGSmontreal\" \/>\n<meta name=\"twitter:label1\" content=\"Est. reading time\" \/>\n\t<meta name=\"twitter:data1\" content=\"2 minutes\" \/>\n<script type=\"application\/ld+json\" class=\"yoast-schema-graph\">{\"@context\":\"https:\\\/\\\/schema.org\",\"@graph\":[{\"@type\":\"WebPage\",\"@id\":\"https:\\\/\\\/gfgsmtl.qc.ca\\\/en\\\/bbbsquebec\\\/\",\"url\":\"https:\\\/\\\/gfgsmtl.qc.ca\\\/en\\\/bbbsquebec\\\/\",\"name\":\"BBBS Quebec - Big Brothers Big Sisters of Greater Montreal\",\"isPartOf\":{\"@id\":\"https:\\\/\\\/gfgsmtl.qc.ca\\\/en\\\/#website\"},\"datePublished\":\"2018-09-06T15:08:27+00:00\",\"dateModified\":\"2025-07-04T13:32:33+00:00\",\"description\":\"Trouvez un organisme Grands Fr\u00e8res Grandes S\u0153urs \u00e0 proximit\u00e9. Faites la diff\u00e9rence dans la vie d'un enfant, devenez mentor ou faites un don.\",\"breadcrumb\":{\"@id\":\"https:\\\/\\\/gfgsmtl.qc.ca\\\/en\\\/bbbsquebec\\\/#breadcrumb\"},\"inLanguage\":\"en-CA\",\"potentialAction\":[{\"@type\":\"ReadAction\",\"target\":[\"https:\\\/\\\/gfgsmtl.qc.ca\\\/en\\\/bbbsquebec\\\/\"]}]},{\"@type\":\"BreadcrumbList\",\"@id\":\"https:\\\/\\\/gfgsmtl.qc.ca\\\/en\\\/bbbsquebec\\\/#breadcrumb\",\"itemListElement\":[{\"@type\":\"ListItem\",\"position\":1,\"name\":\"Accueil\",\"item\":\"https:\\\/\\\/gfgsmtl.qc.ca\\\/en\\\/home\\\/\"},{\"@type\":\"ListItem\",\"position\":2,\"name\":\"BBBS Quebec\"}]},{\"@type\":\"WebSite\",\"@id\":\"https:\\\/\\\/gfgsmtl.qc.ca\\\/en\\\/#website\",\"url\":\"https:\\\/\\\/gfgsmtl.qc.ca\\\/en\\\/\",\"name\":\"Big Brothers Big Sisters of Greater Montreal\",\"description\":\"\",\"potentialAction\":[{\"@type\":\"SearchAction\",\"target\":{\"@type\":\"EntryPoint\",\"urlTemplate\":\"https:\\\/\\\/gfgsmtl.qc.ca\\\/en\\\/?s={search_term_string}\"},\"query-input\":{\"@type\":\"PropertyValueSpecification\",\"valueRequired\":true,\"valueName\":\"search_term_string\"}}],\"inLanguage\":\"en-CA\"}]}<\/script>\n<!-- \/ Yoast SEO plugin. -->","yoast_head_json":{"title":"BBBS Quebec - Big Brothers Big Sisters of Greater Montreal","description":"Trouvez un organisme Grands Fr\u00e8res Grandes S\u0153urs \u00e0 proximit\u00e9. Faites la diff\u00e9rence dans la vie d'un enfant, devenez mentor ou faites un don.","robots":{"index":"index","follow":"follow","max-snippet":"max-snippet:-1","max-image-preview":"max-image-preview:large","max-video-preview":"max-video-preview:-1"},"canonical":"https:\/\/gfgsmtl.qc.ca\/en\/bbbsquebec\/","og_locale":"en_US","og_type":"article","og_title":"BBBS Quebec - Big Brothers Big Sisters of Greater Montreal","og_description":"Trouvez un organisme Grands Fr\u00e8res Grandes S\u0153urs \u00e0 proximit\u00e9. Faites la diff\u00e9rence dans la vie d'un enfant, devenez mentor ou faites un don.","og_url":"https:\/\/gfgsmtl.qc.ca\/en\/bbbsquebec\/","og_site_name":"Big Brothers Big Sisters of Greater Montreal","article_publisher":"https:\/\/www.facebook.com\/GFGSmontreal\/","article_modified_time":"2025-07-04T13:32:33+00:00","twitter_card":"summary_large_image","twitter_site":"@GFGSmontreal","twitter_misc":{"Est. reading time":"2 minutes"},"schema":{"@context":"https:\/\/schema.org","@graph":[{"@type":"WebPage","@id":"https:\/\/gfgsmtl.qc.ca\/en\/bbbsquebec\/","url":"https:\/\/gfgsmtl.qc.ca\/en\/bbbsquebec\/","name":"BBBS Quebec - Big Brothers Big Sisters of Greater Montreal","isPartOf":{"@id":"https:\/\/gfgsmtl.qc.ca\/en\/#website"},"datePublished":"2018-09-06T15:08:27+00:00","dateModified":"2025-07-04T13:32:33+00:00","description":"Trouvez un organisme Grands Fr\u00e8res Grandes S\u0153urs \u00e0 proximit\u00e9. Faites la diff\u00e9rence dans la vie d'un enfant, devenez mentor ou faites un don.","breadcrumb":{"@id":"https:\/\/gfgsmtl.qc.ca\/en\/bbbsquebec\/#breadcrumb"},"inLanguage":"en-CA","potentialAction":[{"@type":"ReadAction","target":["https:\/\/gfgsmtl.qc.ca\/en\/bbbsquebec\/"]}]},{"@type":"BreadcrumbList","@id":"https:\/\/gfgsmtl.qc.ca\/en\/bbbsquebec\/#breadcrumb","itemListElement":[{"@type":"ListItem","position":1,"name":"Accueil","item":"https:\/\/gfgsmtl.qc.ca\/en\/home\/"},{"@type":"ListItem","position":2,"name":"BBBS Quebec"}]},{"@type":"WebSite","@id":"https:\/\/gfgsmtl.qc.ca\/en\/#website","url":"https:\/\/gfgsmtl.qc.ca\/en\/","name":"Big Brothers Big Sisters of Greater Montreal","description":"","potentialAction":[{"@type":"SearchAction","target":{"@type":"EntryPoint","urlTemplate":"https:\/\/gfgsmtl.qc.ca\/en\/?s={search_term_string}"},"query-input":{"@type":"PropertyValueSpecification","valueRequired":true,"valueName":"search_term_string"}}],"inLanguage":"en-CA"}]}},"_links":{"self":[{"href":"https:\/\/gfgsmtl.qc.ca\/en\/wp-json\/wp\/v2\/pages\/7604","targetHints":{"allow":["GET"]}}],"collection":[{"href":"https:\/\/gfgsmtl.qc.ca\/en\/wp-json\/wp\/v2\/pages"}],"about":[{"href":"https:\/\/gfgsmtl.qc.ca\/en\/wp-json\/wp\/v2\/types\/page"}],"author":[{"embeddable":true,"href":"https:\/\/gfgsmtl.qc.ca\/en\/wp-json\/wp\/v2\/users\/1"}],"replies":[{"embeddable":true,"href":"https:\/\/gfgsmtl.qc.ca\/en\/wp-json\/wp\/v2\/comments?post=7604"}],"version-history":[{"count":12,"href":"https:\/\/gfgsmtl.qc.ca\/en\/wp-json\/wp\/v2\/pages\/7604\/revisions"}],"predecessor-version":[{"id":13018,"href":"https:\/\/gfgsmtl.qc.ca\/en\/wp-json\/wp\/v2\/pages\/7604\/revisions\/13018"}],"wp:attachment":[{"href":"https:\/\/gfgsmtl.qc.ca\/en\/wp-json\/wp\/v2\/media?parent=7604"}],"curies":[{"name":"wp","href":"https:\/\/api.w.org\/{rel}","templated":true}]}}