{"id":7519,"date":"2018-08-27T21:07:23","date_gmt":"2018-08-27T19:07:23","guid":{"rendered":"http:\/\/gfgsmtl.qc.ca\/?page_id=7519"},"modified":"2024-08-15T20:53:55","modified_gmt":"2024-08-16T00:53:55","slug":"contact-us","status":"publish","type":"page","link":"https:\/\/gfgsmtl.qc.ca\/en\/contact-us\/","title":{"rendered":"Contact Us"},"content":{"rendered":"<section class=\"l-section wpb_row height_medium full_height valign_center color_primary with_img parallax_ver\"><div class=\"l-section-img\" role=\"img\" aria-label=\"Image\" data-img-width=\"1024\" data-img-height=\"683\" style=\"background-image: url(https:\/\/gfgsmtl.qc.ca\/wp-content\/uploads\/2019\/09\/A_DD88736-1024x683-1.jpg);\"><\/div><div class=\"l-section-overlay\" style=\"background:rgba(30,30,30,0.75)\"><\/div><div class=\"l-section-h i-cf\"><div class=\"g-cols vc_row via_flex valign_top type_default stacking_default\"><div class=\"vc_col-sm-12 wpb_column vc_column_container\"><div class=\"vc_column-inner\"><div class=\"wpb_wrapper\"><h1 style=\"font-size: 60px;text-align: center\" class=\"vc_custom_heading vc_do_custom_heading us_custom_cda6f729\" >Contact Us<\/h1><div class=\"w-iconbox iconpos_top style_default color_custom align_center no_text no_title\"><a href=\"#contact\" class=\"w-iconbox-link\" aria-label=\"fas|chevron-down\"><div class=\"w-iconbox-icon\" style=\"font-size:2rem;--icon-color:#ffffff;\"><i class=\"fas fa-chevron-down\"><\/i><\/div><\/a><div class=\"w-iconbox-meta\"><\/div><\/div><\/div><\/div><\/div><\/div><\/div><\/section><section class=\"l-section wpb_row height_medium\"><div class=\"l-section-h i-cf\"><div class=\"g-cols vc_row via_flex valign_top type_default stacking_default\"><div class=\"vc_col-sm-12 wpb_column vc_column_container\"><div class=\"vc_column-inner\"><div class=\"wpb_wrapper\"><div class=\"wpb_text_column\"><div class=\"wpb_wrapper\"><p>Got a question? Get in touch with us! We are available to answer all of your questions, whether you are a person who would like to volunteer or a parent or mentor in need of advice and support.<\/p>\n<\/div><\/div><\/div><\/div><\/div><\/div><\/div><\/section><section class=\"l-section wpb_row us_custom_28ef9091 height_medium\" id=\"contactus\"><div class=\"l-section-h i-cf\"><div class=\"g-cols vc_row via_flex valign_top type_default stacking_default\"><div class=\"vc_col-sm-12 wpb_column vc_column_container us_animate_fade\"><div class=\"vc_column-inner us_custom_1a47df39\"><div class=\"wpb_wrapper\"><div class=\"g-cols wpb_row via_flex valign_top type_default stacking_default\"><div class=\"vc_col-sm-6 wpb_column vc_column_container\"><div class=\"vc_column-inner\"><div class=\"wpb_wrapper\"><div class=\"w-iconbox iconpos_top style_default color_custom align_center no_text no_title\"><div class=\"w-iconbox-icon\" style=\"font-size:50px;--icon-color:#ffffff;\"><i class=\"fas fa-phone\"><\/i><\/div><div class=\"w-iconbox-meta\"><\/div><\/div><div class=\"w-separator size_custom\" style=\"height:20px\"><\/div><div class=\"wpb_text_column\"><div class=\"wpb_wrapper\"><h4 style=\"text-align: center;\"><a href=\"tel:+15148429715\"><span style=\"color: #ffffff;\">+1 514 842 9715<\/span><\/a><\/h4>\n<h4 style=\"text-align: center;\"><span style=\"color: #f5f5f5;\">FAX <a style=\"color: #f5f5f5;\" href=\"tel:5148422454\">(514) 842-2454<\/a><\/span><\/h4>\n<\/div><\/div><div class=\"w-iconbox iconpos_top style_default color_custom align_center no_text no_title\"><div class=\"w-iconbox-icon\" style=\"font-size:50px;--icon-color:#ffffff;\"><i class=\"fas fa-map-marker-alt\"><\/i><\/div><div class=\"w-iconbox-meta\"><\/div><\/div><div class=\"w-separator size_custom\" style=\"height:20px\"><\/div><div class=\"wpb_text_column\"><div class=\"wpb_wrapper\"><h4 style=\"text-align: center;\"><span style=\"color: #ffffff;\">3155 Hochelaga St<\/span><br \/>\n<span style=\"color: #ffffff;\">Office 202<\/span><br \/>\n<span style=\"color: #ffffff;\">Montreal, QC<\/span><br \/>\n<span style=\"color: #ffffff;\">H1W 1G4<\/span><\/h4>\n<\/div><\/div><\/div><\/div><\/div><div class=\"vc_col-sm-6 wpb_column vc_column_container\"><div class=\"vc_column-inner\"><div class=\"wpb_wrapper\"><div class=\"w-iconbox iconpos_top style_default color_custom align_center no_text no_title\"><div class=\"w-iconbox-icon\" style=\"font-size:2rem;--icon-color:#ffffff;\"><i class=\"fas fa-envelope\"><\/i><\/div><div class=\"w-iconbox-meta\"><\/div><\/div><div class=\"w-separator size_custom\" style=\"height:20px\"><\/div><div class=\"wpb_text_column\"><div class=\"wpb_wrapper\"><h4 style=\"text-align: center;\"><span style=\"color: #ffffff;\"><a style=\"color: #ffffff;\" href=\"mailto:Montreal@grandsfreresgrandessoeurs.ca\">Montreal@grandsfreresgrandessoeurs.ca<\/a><\/span><\/h4>\n<\/div><\/div><form class=\"w-form  us-field-style_1 layout_ver show_message_after_sending for_cform us_form_1\" action=\"https:\/\/gfgsmtl.qc.ca\/en\/en\/wp-json\/wp\/v2\/pages\/7519\" method=\"post\" data-trp-original-action=\"https:\/\/gfgsmtl.qc.ca\/en\/en\/wp-json\/wp\/v2\/pages\/7519\"><div class=\"w-form-h\"><div class=\"w-form-row for_text required with_icon\">\r\n\t\t<div class=\"w-form-row-field\">\r\n\t\t\t\t<i class=\"far fa-user\"><\/i>\t\t<input aria-label=\"Nom\" type=\"text\" name=\"us_form_1_text_1\" value placeholder=\"Nom *\" data-required=\"true\" aria-required=\"true\"\/>\r\n\t\t\t<\/div>\r\n\t\t<div class=\"w-form-row-state\">Fill out this field<\/div>\r\n<\/div>\r\n<div class=\"w-form-row for_text required with_icon\">\r\n\t\t<div class=\"w-form-row-field\">\r\n\t\t\t\t<i class=\"far fa-envelope\"><\/i>\t\t<input aria-label=\"Adresse de messagerie\" type=\"text\" name=\"us_form_1_text_2\" value placeholder=\"Adresse de messagerie *\" data-required=\"true\" aria-required=\"true\"\/>\r\n\t\t\t<\/div>\r\n\t\t<div class=\"w-form-row-state\">Fill out this field<\/div>\r\n<\/div>\r\n<div class=\"w-form-row for_text required with_icon\">\r\n\t\t<div class=\"w-form-row-field\">\r\n\t\t\t\t<i class=\"far fa-phone\"><\/i>\t\t<input aria-label=\"Num\u00e9ro de t\u00e9l\u00e9phone\" type=\"text\" name=\"us_form_1_text_3\" value placeholder=\"Num\u00e9ro de t\u00e9l\u00e9phone *\" data-required=\"true\" aria-required=\"true\"\/>\r\n\t\t\t<\/div>\r\n\t\t<div class=\"w-form-row-state\">Fill out this field<\/div>\r\n<\/div>\r\n<div class=\"w-form-row for_textarea required with_icon\">\r\n\t\t<div class=\"w-form-row-field\">\r\n\t\t\t\t<i class=\"far fa-pencil\"><\/i>\t\t<textarea aria-label=\"Message\" name=\"us_form_1_textarea_1\" placeholder=\"Message *\" data-required=\"true\" aria-required=\"true\"><\/textarea>\r\n\t\t\t<\/div>\r\n\t\t<div class=\"w-form-row-state\">Fill out this field<\/div>\r\n<\/div>\r\n<input type=\"hidden\" name=\"action\" value=\"us_ajax_cform\" \/>\r\n<input type=\"hidden\" name=\"post_id\" value=\"0\" \/>\r\n<input type=\"hidden\" name=\"form_index\" value=\"1\" \/>\r\n<div class=\"w-form-row for_submit align_center\">\r\n\t<button class=\"w-btn  us-btn-style_4\" aria-label=\"Send\" type=\"submit\" style=\"font-size:16px;\">\r\n\t\t<span class=\"g-preloader type_1\"><\/span>\r\n\t\t\t\t<span class=\"w-btn-label\">Send<\/span>\r\n\t\t\t<\/button>\r\n\t<\/div>\r\n<\/div><div class=\"w-form-message\"><\/div><div class=\"w-form-json hidden\" onclick='return {&quot;ajaxurl&quot;:&quot;https:\\\/\\\/gfgsmtl.qc.ca\\\/wp-admin\\\/admin-ajax.php&quot;,&quot;messages&quot;:{&quot;err_empty&quot;:&quot;Fill out this field&quot;,&quot;err_size&quot;:&quot;File size cannot exceed %s MB&quot;,&quot;err_extension&quot;:&quot;%s file type is not allowed&quot;,&quot;err_recaptcha_keys&quot;:&quot;reCAPTCHA keys are incorrect&quot;}}'><\/div><input type=\"hidden\" name=\"trp-form-language\" value=\"en\"\/><\/form><\/div><\/div><\/div><\/div><div class=\"wpb_text_column\"><div class=\"wpb_wrapper\"><p style=\"text-align: center;\">Charity organization \u2013 Registration number : 107617565 RR0001<br \/>\nQuebec Business Number (NEQ) : 1142216259<\/p>\n<\/div><\/div><div class=\"w-separator size_custom with_line width_default thick_1 style_solid color_border align_center\" style=\"height:20px\"><div class=\"w-separator-h\"><\/div><\/div><div class=\"wpb_text_column\"><div class=\"wpb_wrapper\"><p><span style=\"color: #f5f5f5;\">If you wish to donate clothes and household items, find a clothing bin or request a home pick-up, please contact<strong><a style=\"color: #f5f5f5;\" href=\"https:\/\/fondationlacollecte.ca\/?lang=en\"> la Collecte Foundation<\/a><\/strong><\/span><\/p>\n<\/div><\/div><\/div><\/div><\/div><\/div><\/div><\/section><section class=\"l-section wpb_row height_medium\"><div class=\"l-section-h i-cf\"><div class=\"g-cols vc_row via_flex valign_top type_default stacking_default\"><div class=\"vc_col-sm-12 wpb_column vc_column_container\"><div class=\"vc_column-inner\"><div class=\"wpb_wrapper\"><div class=\"w-actionbox color_secondary controls_bottom\" id=\"Careers\"><div class=\"w-actionbox-text\"><h2 class=\"w-actionbox-title\">Join The Team<\/h2><div class=\"w-actionbox-description\"><p>Put your skills and talents at the service of youth mentoring.<\/p>\n<p>BBBS Montreal looks forward to meeting you.<\/p>\n<\/div><\/div><div class=\"w-actionbox-controls\"><a class=\"w-btn us-btn-style_2\" target=\"_blank\" rel=\"nofollow\" href=\"mailto:montreal@grandsfreresgrandessoeurs.ca?subject=Candidature spontan\u00e9e - Spontaneous application\" style=\"font-size:16px;\"><span class=\"w-btn-label\">SUBMIT YOUR SPONTANEOUS APPLICATION<\/span><\/a><\/div><\/div><div class=\"w-actionbox color_primary controls_bottom\"><div class=\"w-actionbox-text\"><h2 class=\"w-actionbox-title\">Find a Big Brothers Big Sisters agency.<\/h2><\/div><div class=\"w-actionbox-controls\"><a class=\"w-btn us-btn-style_2\" href=\"http:\/\/gfgsmtl.qc.ca\/gfgsquebec\/\" style=\"font-size:16px;\"><span class=\"w-btn-label\">In Quebec<\/span><\/a><a class=\"w-btn us-btn-style_2\" href=\"https:\/\/bigbrothersbigsisters.ca\/fr\/trouvez-un-organisme\/\" style=\"font-size:16px;\"><span class=\"w-btn-label\">In Canada<\/span><\/a><\/div><\/div><\/div><\/div><\/div><\/div><\/div><\/section>","protected":false},"excerpt":{"rendered":"Contact UsGot a question? Get in touch with us! We are available to answer all of your questions, whether you are a person who would like to volunteer or a parent or mentor in need of advice and support. +1 514 842 9715 FAX (514) 842-2454 3155 Hochelaga St Office 202 Montreal, QC H1W 1G4...","protected":false},"author":1,"featured_media":0,"parent":0,"menu_order":0,"comment_status":"closed","ping_status":"closed","template":"","meta":{"_monsterinsights_skip_tracking":false,"_monsterinsights_sitenote_active":false,"_monsterinsights_sitenote_note":"","_monsterinsights_sitenote_category":0,"footnotes":""},"class_list":["post-7519","page","type-page","status-publish","hentry"],"yoast_head":"<!-- This site is optimized with the Yoast SEO plugin v27.5 - https:\/\/yoast.com\/product\/yoast-seo-wordpress\/ -->\n<title>Contact Us - Big Brothers Big Sisters of Greater Montreal<\/title>\n<meta name=\"description\" content=\"(514) 842-9715 - 3155 Hochelaga St, Office 202, Montreal, QC, H1W 1G4. Become volunteer, Donate clothes and household items, find a clothing bin.\" \/>\n<meta name=\"robots\" content=\"index, follow, max-snippet:-1, max-image-preview:large, max-video-preview:-1\" \/>\n<link rel=\"canonical\" href=\"https:\/\/gfgsmtl.qc.ca\/en\/contact-us\/\" \/>\n<meta property=\"og:locale\" content=\"en_US\" \/>\n<meta property=\"og:type\" content=\"article\" \/>\n<meta property=\"og:title\" content=\"Contact Us - Big Brothers Big Sisters of Greater Montreal\" \/>\n<meta property=\"og:description\" content=\"(514) 842-9715 - 3155 Hochelaga St, Office 202, Montreal, QC, H1W 1G4. Become volunteer, Donate clothes and household items, find a clothing bin.\" \/>\n<meta property=\"og:url\" content=\"https:\/\/gfgsmtl.qc.ca\/en\/contact-us\/\" \/>\n<meta property=\"og:site_name\" content=\"Big Brothers Big Sisters of Greater Montreal\" \/>\n<meta property=\"article:publisher\" content=\"https:\/\/www.facebook.com\/GFGSmontreal\/\" \/>\n<meta property=\"article:modified_time\" content=\"2024-08-16T00:53:55+00:00\" \/>\n<meta name=\"twitter:card\" content=\"summary_large_image\" \/>\n<meta name=\"twitter:site\" content=\"@GFGSmontreal\" \/>\n<meta name=\"twitter:label1\" content=\"Est. reading time\" \/>\n\t<meta name=\"twitter:data1\" content=\"1 minute\" \/>\n<script type=\"application\/ld+json\" class=\"yoast-schema-graph\">{\"@context\":\"https:\\\/\\\/schema.org\",\"@graph\":[{\"@type\":\"WebPage\",\"@id\":\"https:\\\/\\\/gfgsmtl.qc.ca\\\/en\\\/contact-us\\\/\",\"url\":\"https:\\\/\\\/gfgsmtl.qc.ca\\\/en\\\/contact-us\\\/\",\"name\":\"Contact Us - Big Brothers Big Sisters of Greater Montreal\",\"isPartOf\":{\"@id\":\"https:\\\/\\\/gfgsmtl.qc.ca\\\/en\\\/#website\"},\"datePublished\":\"2018-08-27T19:07:23+00:00\",\"dateModified\":\"2024-08-16T00:53:55+00:00\",\"description\":\"(514) 842-9715 - 3155 Hochelaga St, Office 202, Montreal, QC, H1W 1G4. Become volunteer, Donate clothes and household items, find a clothing bin.\",\"breadcrumb\":{\"@id\":\"https:\\\/\\\/gfgsmtl.qc.ca\\\/en\\\/contact-us\\\/#breadcrumb\"},\"inLanguage\":\"en-CA\",\"potentialAction\":[{\"@type\":\"ReadAction\",\"target\":[\"https:\\\/\\\/gfgsmtl.qc.ca\\\/en\\\/contact-us\\\/\"]}]},{\"@type\":\"BreadcrumbList\",\"@id\":\"https:\\\/\\\/gfgsmtl.qc.ca\\\/en\\\/contact-us\\\/#breadcrumb\",\"itemListElement\":[{\"@type\":\"ListItem\",\"position\":1,\"name\":\"Accueil\",\"item\":\"https:\\\/\\\/gfgsmtl.qc.ca\\\/en\\\/home\\\/\"},{\"@type\":\"ListItem\",\"position\":2,\"name\":\"Contact Us\"}]},{\"@type\":\"WebSite\",\"@id\":\"https:\\\/\\\/gfgsmtl.qc.ca\\\/en\\\/#website\",\"url\":\"https:\\\/\\\/gfgsmtl.qc.ca\\\/en\\\/\",\"name\":\"Big Brothers Big Sisters of Greater Montreal\",\"description\":\"\",\"potentialAction\":[{\"@type\":\"SearchAction\",\"target\":{\"@type\":\"EntryPoint\",\"urlTemplate\":\"https:\\\/\\\/gfgsmtl.qc.ca\\\/en\\\/?s={search_term_string}\"},\"query-input\":{\"@type\":\"PropertyValueSpecification\",\"valueRequired\":true,\"valueName\":\"search_term_string\"}}],\"inLanguage\":\"en-CA\"}]}<\/script>\n<!-- \/ Yoast SEO plugin. -->","yoast_head_json":{"title":"Contact Us - Big Brothers Big Sisters of Greater Montreal","description":"(514) 842-9715 - 3155 Hochelaga St, Office 202, Montreal, QC, H1W 1G4. Become volunteer, Donate clothes and household items, find a clothing bin.","robots":{"index":"index","follow":"follow","max-snippet":"max-snippet:-1","max-image-preview":"max-image-preview:large","max-video-preview":"max-video-preview:-1"},"canonical":"https:\/\/gfgsmtl.qc.ca\/en\/contact-us\/","og_locale":"en_US","og_type":"article","og_title":"Contact Us - Big Brothers Big Sisters of Greater Montreal","og_description":"(514) 842-9715 - 3155 Hochelaga St, Office 202, Montreal, QC, H1W 1G4. Become volunteer, Donate clothes and household items, find a clothing bin.","og_url":"https:\/\/gfgsmtl.qc.ca\/en\/contact-us\/","og_site_name":"Big Brothers Big Sisters of Greater Montreal","article_publisher":"https:\/\/www.facebook.com\/GFGSmontreal\/","article_modified_time":"2024-08-16T00:53:55+00:00","twitter_card":"summary_large_image","twitter_site":"@GFGSmontreal","twitter_misc":{"Est. reading time":"1 minute"},"schema":{"@context":"https:\/\/schema.org","@graph":[{"@type":"WebPage","@id":"https:\/\/gfgsmtl.qc.ca\/en\/contact-us\/","url":"https:\/\/gfgsmtl.qc.ca\/en\/contact-us\/","name":"Contact Us - Big Brothers Big Sisters of Greater Montreal","isPartOf":{"@id":"https:\/\/gfgsmtl.qc.ca\/en\/#website"},"datePublished":"2018-08-27T19:07:23+00:00","dateModified":"2024-08-16T00:53:55+00:00","description":"(514) 842-9715 - 3155 Hochelaga St, Office 202, Montreal, QC, H1W 1G4. Become volunteer, Donate clothes and household items, find a clothing bin.","breadcrumb":{"@id":"https:\/\/gfgsmtl.qc.ca\/en\/contact-us\/#breadcrumb"},"inLanguage":"en-CA","potentialAction":[{"@type":"ReadAction","target":["https:\/\/gfgsmtl.qc.ca\/en\/contact-us\/"]}]},{"@type":"BreadcrumbList","@id":"https:\/\/gfgsmtl.qc.ca\/en\/contact-us\/#breadcrumb","itemListElement":[{"@type":"ListItem","position":1,"name":"Accueil","item":"https:\/\/gfgsmtl.qc.ca\/en\/home\/"},{"@type":"ListItem","position":2,"name":"Contact Us"}]},{"@type":"WebSite","@id":"https:\/\/gfgsmtl.qc.ca\/en\/#website","url":"https:\/\/gfgsmtl.qc.ca\/en\/","name":"Big Brothers Big Sisters of Greater Montreal","description":"","potentialAction":[{"@type":"SearchAction","target":{"@type":"EntryPoint","urlTemplate":"https:\/\/gfgsmtl.qc.ca\/en\/?s={search_term_string}"},"query-input":{"@type":"PropertyValueSpecification","valueRequired":true,"valueName":"search_term_string"}}],"inLanguage":"en-CA"}]}},"_links":{"self":[{"href":"https:\/\/gfgsmtl.qc.ca\/en\/wp-json\/wp\/v2\/pages\/7519","targetHints":{"allow":["GET"]}}],"collection":[{"href":"https:\/\/gfgsmtl.qc.ca\/en\/wp-json\/wp\/v2\/pages"}],"about":[{"href":"https:\/\/gfgsmtl.qc.ca\/en\/wp-json\/wp\/v2\/types\/page"}],"author":[{"embeddable":true,"href":"https:\/\/gfgsmtl.qc.ca\/en\/wp-json\/wp\/v2\/users\/1"}],"replies":[{"embeddable":true,"href":"https:\/\/gfgsmtl.qc.ca\/en\/wp-json\/wp\/v2\/comments?post=7519"}],"version-history":[{"count":17,"href":"https:\/\/gfgsmtl.qc.ca\/en\/wp-json\/wp\/v2\/pages\/7519\/revisions"}],"predecessor-version":[{"id":14601,"href":"https:\/\/gfgsmtl.qc.ca\/en\/wp-json\/wp\/v2\/pages\/7519\/revisions\/14601"}],"wp:attachment":[{"href":"https:\/\/gfgsmtl.qc.ca\/en\/wp-json\/wp\/v2\/media?parent=7519"}],"curies":[{"name":"wp","href":"https:\/\/api.w.org\/{rel}","templated":true}]}}