{"id":6977,"date":"2017-09-14T17:01:21","date_gmt":"2017-09-14T15:01:21","guid":{"rendered":"http:\/\/gfgsmtl.qc.ca\/?page_id=6977"},"modified":"2025-01-17T15:39:06","modified_gmt":"2025-01-17T20:39:06","slug":"corporate-sponsorship","status":"publish","type":"page","link":"https:\/\/gfgsmtl.qc.ca\/en\/support-us\/corporate-sponsorship\/","title":{"rendered":"Corporate Sponsorship"},"content":{"rendered":"<section class=\"l-section wpb_row height_medium full_height valign_center color_secondary with_img parallax_ver\"><div class=\"l-section-img\" role=\"img\" aria-label=\"Soutenir Grands fr\u00e8res grande s\u0153urs Montr\u00e9al\" data-img-width=\"1920\" data-img-height=\"1281\" style=\"background-image: url(https:\/\/gfgsmtl.qc.ca\/wp-content\/uploads\/2017\/06\/A_DD80028.jpg);\"><\/div><div class=\"l-section-overlay\" style=\"background:rgba(30,30,30,0.75)\"><\/div><div class=\"l-section-h i-cf\"><div class=\"g-cols vc_row via_flex valign_top type_default stacking_default\"><div class=\"vc_col-sm-12 wpb_column vc_column_container\"><div class=\"vc_column-inner\"><div class=\"wpb_wrapper\"><h1 style=\"font-size: 4rem;text-align: center\" class=\"vc_custom_heading vc_do_custom_heading us_custom_cda6f729\" >Corporate Sponsorship<\/h1><div class=\"w-iconbox iconpos_top style_default color_custom align_center no_text no_title\"><a href=\"#commandite\" class=\"w-iconbox-link\" aria-label=\"fas|chevron-down\"><div class=\"w-iconbox-icon\" style=\"font-size:24px;\"><i class=\"fas fa-chevron-down\"><\/i><\/div><\/a><div class=\"w-iconbox-meta\"><\/div><\/div><\/div><\/div><\/div><\/div><\/div><\/section><section class=\"l-section wpb_row height_medium\" id=\"commandite\"><div class=\"l-section-h i-cf\"><div class=\"g-cols vc_row via_flex valign_top type_default stacking_default\"><div class=\"vc_col-sm-12 wpb_column vc_column_container\"><div class=\"vc_column-inner\"><div class=\"wpb_wrapper\"><div class=\"g-cols wpb_row via_flex valign_top type_default stacking_default\"><div class=\"vc_col-sm-12 wpb_column vc_column_container\"><div class=\"vc_column-inner\"><div class=\"wpb_wrapper\"><div class=\"wpb_text_column\"><div class=\"wpb_wrapper\"><h2 style=\"text-align: center;\">An ideal partner<\/h2>\n<\/div><\/div><div class=\"w-separator size_custom\" style=\"height:32px\"><\/div><\/div><\/div><\/div><\/div><div class=\"g-cols wpb_row via_flex valign_top type_default stacking_default\"><div class=\"vc_col-sm-8 wpb_column vc_column_container\"><div class=\"vc_column-inner\"><div class=\"wpb_wrapper\"><div class=\"wpb_text_column\"><div class=\"wpb_wrapper\"><p><span style=\"color: #333333;\">We have been working with Quebec families for over 50 years and have earned our stripes as one of the best-known and most respected organization in the charitable sector. Our network comprised of<\/span> <span style=\"color: #ffb81c;\"><a style=\"color: #ffb81c;\" href=\"https:\/\/bigbrothersbigsisters.ca\/find-agency-near\/\" target=\"_blank\" rel=\"noopener noreferrer\"><strong>86 Big Brothers Big Sisters agencies<\/strong><\/a><\/span> <span style=\"color: #333333;\">throughout Canada helps over 1000 communities and plays an integral role in Canada\u2019s social structure.<\/span><\/p>\n<p><span style=\"color: #333333;\">Our ability to innovate and collaborate has allowed us to have demonstrated success with some of the most recognized brands in Corporate Quebec.<\/span><\/p>\n<p><span style=\"color: #333333;\">All these attributes make us an ideal charitable partner for companies interested in pursuing large-scale, comprehensive national cause-related marketing campaigns as well as for those simply exploring a way to invest in their community or sponsor a charity.<\/span><\/p>\n<\/div><\/div><div class=\"w-btn-wrapper align_center\"><a class=\"w-btn us-btn-style_3\" href=\"#becomeapartner\"><span class=\"w-btn-label\">BECOME A PARTNER<\/span><\/a><\/div><\/div><\/div><\/div><div class=\"vc_col-sm-4 wpb_column vc_column_container\"><div class=\"vc_column-inner\"><div class=\"wpb_wrapper\"><div class=\"wpb_text_column\"><div class=\"wpb_wrapper\"><p>If your company is new to corporate social responsibility programs, we can help you achieve tangible business benefits, including:<\/p>\n<\/div><\/div><div class=\"uavc-list-icon uavc-list-icon-wrapper ult-adjust-bottom-margin\"><ul class=\"uavc-list\"><li><div class=\"uavc-list-content\" id=\"list-icon-wrap-3839\">\n<div class=\"uavc-list-icon\" data-animation=\"\" data-animation-delay=\"03\" style=\"margin-right:5px;\"><div class=\"ult-just-icon-wrapper\"><div class=\"align-icon\" style=\"text-align:center;\">\n<div class=\"aio-icon none\"  style=\"color:#333333;font-size:16px;display:inline-block;\">\n\t<i class=\"Defaults-check\"><\/i>\n<\/div><\/div><\/div>\n<\/div><span  data-ultimate-target='#list-icon-wrap-3839 .uavc-list-desc'  data-responsive-json-new='{\"font-size\":\"\",\"line-height\":\"\"}'  class=\"uavc-list-desc ult-responsive\" style=\"\">enhanced brand perception by associating with our organization<\/span><\/div><\/li><li><div class=\"uavc-list-content\" id=\"list-icon-wrap-5790\">\n<div class=\"uavc-list-icon\" data-animation=\"\" data-animation-delay=\"03\" style=\"margin-right:5px;\"><div class=\"ult-just-icon-wrapper\"><div class=\"align-icon\" style=\"text-align:center;\">\n<div class=\"aio-icon none\"  style=\"color:#333333;font-size:16px;display:inline-block;\">\n\t<i class=\"Defaults-check\"><\/i>\n<\/div><\/div><\/div>\n<\/div><span  data-ultimate-target='#list-icon-wrap-5790 .uavc-list-desc'  data-responsive-json-new='{\"font-size\":\"\",\"line-height\":\"\"}'  class=\"uavc-list-desc ult-responsive\" style=\"\">increased awareness by leveraging our reach<\/span><\/div><\/li><li><div class=\"uavc-list-content\" id=\"list-icon-wrap-4850\">\n<div class=\"uavc-list-icon\" data-animation=\"\" data-animation-delay=\"03\" style=\"margin-right:5px;\"><div class=\"ult-just-icon-wrapper\"><div class=\"align-icon\" style=\"text-align:center;\">\n<div class=\"aio-icon none\"  style=\"color:#333333;font-size:16px;display:inline-block;\">\n\t<i class=\"Defaults-check\"><\/i>\n<\/div><\/div><\/div>\n<\/div><span  data-ultimate-target='#list-icon-wrap-4850 .uavc-list-desc'  data-responsive-json-new='{\"font-size\":\"\",\"line-height\":\"\"}'  class=\"uavc-list-desc ult-responsive\" style=\"\">influencing consumer choice and increased sales\/profits by differentiating your product\/company<\/span><\/div><\/li><li><div class=\"uavc-list-content\" id=\"list-icon-wrap-9312\">\n<div class=\"uavc-list-icon\" data-animation=\"\" data-animation-delay=\"03\" style=\"margin-right:5px;\"><div class=\"ult-just-icon-wrapper\"><div class=\"align-icon\" style=\"text-align:center;\">\n<div class=\"aio-icon none\"  style=\"color:#333333;font-size:16px;display:inline-block;\">\n\t<i class=\"Defaults-check\"><\/i>\n<\/div><\/div><\/div>\n<\/div><span  data-ultimate-target='#list-icon-wrap-9312 .uavc-list-desc'  data-responsive-json-new='{\"font-size\":\"\",\"line-height\":\"\"}'  class=\"uavc-list-desc ult-responsive\" style=\"\">\n<div class=\"clearfix\">\n<div id=\"tmpl_cbA\" class=\"ow_block\">\n<p>increased productivity and employee satisfaction through employee engagement in our programs<\/p>\n<\/div>\n<\/div>\n<\/span><\/div><\/li><\/ul><\/div><\/div><\/div><\/div><\/div><\/div><\/div><\/div><\/div><\/div><\/section><section class=\"l-section wpb_row height_medium color_alternate\" id=\"becomeapartner\"><div class=\"l-section-h i-cf\"><div class=\"g-cols vc_row via_flex valign_top type_default stacking_default\"><div class=\"vc_col-sm-12 wpb_column vc_column_container\"><div class=\"vc_column-inner\"><div class=\"wpb_wrapper\"><div class=\"w-actionbox color_primary controls_right\"><div class=\"w-actionbox-text\"><h2 class=\"w-actionbox-title\">BECOME A PARTNER<\/h2><div class=\"w-actionbox-description\"><p>To get more details on our various partnership choices or to discover new opportunities, please contact us. We will be pleased to work with you to come up with creative and effective solutions so you can take full advantage of your charitable involvement.<\/p>\n<\/div><\/div><div class=\"w-actionbox-controls\"><a class=\"w-btn us-btn-style_4 icon_atleft\" href=\"http:\/\/gfgsmtl.qc.ca\/en\/contact-us\/#contactus\" style=\"font-size:16px;\"><i class=\"fas fa-envelope\"><\/i><span class=\"w-btn-label\">CONTACT US<\/span><\/a><\/div><\/div><div class=\"wpb_text_column\"><div class=\"wpb_wrapper\"><p style=\"text-align: center;\">Charity organization &#8211; Registration number : 107617565 RR0001<br \/>\nBig Brothers Big Sisters of Greater Montreal<br \/>\n3155 Rue Hochelaga #202, Montr\u00e9al, QC H1W 1G4<\/p>\n<\/div><\/div><\/div><\/div><\/div><\/div><\/div><\/section>","protected":false},"excerpt":{"rendered":"Corporate SponsorshipAn ideal partner We have been working with Quebec families for over 50 years and have earned our stripes as one of the best-known and most respected organization in the charitable sector. Our network comprised of 86 Big Brothers Big Sisters agencies throughout Canada helps over 1000 communities and plays an integral role in...","protected":false},"author":1,"featured_media":0,"parent":6951,"menu_order":0,"comment_status":"closed","ping_status":"closed","template":"","meta":{"_monsterinsights_skip_tracking":false,"_monsterinsights_sitenote_active":false,"_monsterinsights_sitenote_note":"","_monsterinsights_sitenote_category":0,"footnotes":""},"class_list":["post-6977","page","type-page","status-publish","hentry"],"yoast_head":"<!-- This site is optimized with the Yoast SEO plugin v27.5 - https:\/\/yoast.com\/product\/yoast-seo-wordpress\/ -->\n<title>Corporate Sponsorship | Big Brothers Big Sisters of Greater Montreal<\/title>\n<meta name=\"description\" content=\"Big Brothers Big Sisters of Greater Montreal offers corporations the opportunity to get involved in a charitable cause as corporate sponsors.\" \/>\n<meta name=\"robots\" content=\"index, follow, max-snippet:-1, max-image-preview:large, max-video-preview:-1\" \/>\n<link rel=\"canonical\" href=\"https:\/\/gfgsmtl.qc.ca\/en\/support-us\/corporate-sponsorship\/\" \/>\n<meta property=\"og:locale\" content=\"en_US\" \/>\n<meta property=\"og:type\" content=\"article\" \/>\n<meta property=\"og:title\" content=\"Corporate Sponsorship | Big Brothers Big Sisters of Greater Montreal\" \/>\n<meta property=\"og:description\" content=\"Big Brothers Big Sisters of Greater Montreal offers corporations the opportunity to get involved in a charitable cause as corporate sponsors.\" \/>\n<meta property=\"og:url\" content=\"https:\/\/gfgsmtl.qc.ca\/en\/support-us\/corporate-sponsorship\/\" \/>\n<meta property=\"og:site_name\" content=\"Big Brothers Big Sisters of Greater Montreal\" \/>\n<meta property=\"article:publisher\" content=\"https:\/\/www.facebook.com\/GFGSmontreal\/\" \/>\n<meta property=\"article:modified_time\" content=\"2025-01-17T20:39:06+00:00\" \/>\n<meta name=\"twitter:card\" content=\"summary_large_image\" \/>\n<meta name=\"twitter:site\" content=\"@GFGSmontreal\" \/>\n<meta name=\"twitter:label1\" content=\"Est. reading time\" \/>\n\t<meta name=\"twitter:data1\" content=\"2 minutes\" \/>\n<script type=\"application\/ld+json\" class=\"yoast-schema-graph\">{\"@context\":\"https:\\\/\\\/schema.org\",\"@graph\":[{\"@type\":\"WebPage\",\"@id\":\"https:\\\/\\\/gfgsmtl.qc.ca\\\/en\\\/support-us\\\/corporate-sponsorship\\\/\",\"url\":\"https:\\\/\\\/gfgsmtl.qc.ca\\\/en\\\/support-us\\\/corporate-sponsorship\\\/\",\"name\":\"Corporate Sponsorship | Big Brothers Big Sisters of Greater Montreal\",\"isPartOf\":{\"@id\":\"https:\\\/\\\/gfgsmtl.qc.ca\\\/en\\\/#website\"},\"datePublished\":\"2017-09-14T15:01:21+00:00\",\"dateModified\":\"2025-01-17T20:39:06+00:00\",\"description\":\"Big Brothers Big Sisters of Greater Montreal offers corporations the opportunity to get involved in a charitable cause as corporate sponsors.\",\"breadcrumb\":{\"@id\":\"https:\\\/\\\/gfgsmtl.qc.ca\\\/en\\\/support-us\\\/corporate-sponsorship\\\/#breadcrumb\"},\"inLanguage\":\"en-CA\",\"potentialAction\":[{\"@type\":\"ReadAction\",\"target\":[\"https:\\\/\\\/gfgsmtl.qc.ca\\\/en\\\/support-us\\\/corporate-sponsorship\\\/\"]}]},{\"@type\":\"BreadcrumbList\",\"@id\":\"https:\\\/\\\/gfgsmtl.qc.ca\\\/en\\\/support-us\\\/corporate-sponsorship\\\/#breadcrumb\",\"itemListElement\":[{\"@type\":\"ListItem\",\"position\":1,\"name\":\"Accueil\",\"item\":\"https:\\\/\\\/gfgsmtl.qc.ca\\\/en\\\/home\\\/\"},{\"@type\":\"ListItem\",\"position\":2,\"name\":\"Support Us\",\"item\":\"https:\\\/\\\/gfgsmtl.qc.ca\\\/en\\\/support-us\\\/\"},{\"@type\":\"ListItem\",\"position\":3,\"name\":\"Corporate Sponsorship\"}]},{\"@type\":\"WebSite\",\"@id\":\"https:\\\/\\\/gfgsmtl.qc.ca\\\/en\\\/#website\",\"url\":\"https:\\\/\\\/gfgsmtl.qc.ca\\\/en\\\/\",\"name\":\"Big Brothers Big Sisters of Greater Montreal\",\"description\":\"\",\"potentialAction\":[{\"@type\":\"SearchAction\",\"target\":{\"@type\":\"EntryPoint\",\"urlTemplate\":\"https:\\\/\\\/gfgsmtl.qc.ca\\\/en\\\/?s={search_term_string}\"},\"query-input\":{\"@type\":\"PropertyValueSpecification\",\"valueRequired\":true,\"valueName\":\"search_term_string\"}}],\"inLanguage\":\"en-CA\"}]}<\/script>\n<!-- \/ Yoast SEO plugin. -->","yoast_head_json":{"title":"Corporate Sponsorship | Big Brothers Big Sisters of Greater Montreal","description":"Big Brothers Big Sisters of Greater Montreal offers corporations the opportunity to get involved in a charitable cause as corporate sponsors.","robots":{"index":"index","follow":"follow","max-snippet":"max-snippet:-1","max-image-preview":"max-image-preview:large","max-video-preview":"max-video-preview:-1"},"canonical":"https:\/\/gfgsmtl.qc.ca\/en\/support-us\/corporate-sponsorship\/","og_locale":"en_US","og_type":"article","og_title":"Corporate Sponsorship | Big Brothers Big Sisters of Greater Montreal","og_description":"Big Brothers Big Sisters of Greater Montreal offers corporations the opportunity to get involved in a charitable cause as corporate sponsors.","og_url":"https:\/\/gfgsmtl.qc.ca\/en\/support-us\/corporate-sponsorship\/","og_site_name":"Big Brothers Big Sisters of Greater Montreal","article_publisher":"https:\/\/www.facebook.com\/GFGSmontreal\/","article_modified_time":"2025-01-17T20:39:06+00:00","twitter_card":"summary_large_image","twitter_site":"@GFGSmontreal","twitter_misc":{"Est. reading time":"2 minutes"},"schema":{"@context":"https:\/\/schema.org","@graph":[{"@type":"WebPage","@id":"https:\/\/gfgsmtl.qc.ca\/en\/support-us\/corporate-sponsorship\/","url":"https:\/\/gfgsmtl.qc.ca\/en\/support-us\/corporate-sponsorship\/","name":"Corporate Sponsorship | Big Brothers Big Sisters of Greater Montreal","isPartOf":{"@id":"https:\/\/gfgsmtl.qc.ca\/en\/#website"},"datePublished":"2017-09-14T15:01:21+00:00","dateModified":"2025-01-17T20:39:06+00:00","description":"Big Brothers Big Sisters of Greater Montreal offers corporations the opportunity to get involved in a charitable cause as corporate sponsors.","breadcrumb":{"@id":"https:\/\/gfgsmtl.qc.ca\/en\/support-us\/corporate-sponsorship\/#breadcrumb"},"inLanguage":"en-CA","potentialAction":[{"@type":"ReadAction","target":["https:\/\/gfgsmtl.qc.ca\/en\/support-us\/corporate-sponsorship\/"]}]},{"@type":"BreadcrumbList","@id":"https:\/\/gfgsmtl.qc.ca\/en\/support-us\/corporate-sponsorship\/#breadcrumb","itemListElement":[{"@type":"ListItem","position":1,"name":"Accueil","item":"https:\/\/gfgsmtl.qc.ca\/en\/home\/"},{"@type":"ListItem","position":2,"name":"Support Us","item":"https:\/\/gfgsmtl.qc.ca\/en\/support-us\/"},{"@type":"ListItem","position":3,"name":"Corporate Sponsorship"}]},{"@type":"WebSite","@id":"https:\/\/gfgsmtl.qc.ca\/en\/#website","url":"https:\/\/gfgsmtl.qc.ca\/en\/","name":"Big Brothers Big Sisters of Greater Montreal","description":"","potentialAction":[{"@type":"SearchAction","target":{"@type":"EntryPoint","urlTemplate":"https:\/\/gfgsmtl.qc.ca\/en\/?s={search_term_string}"},"query-input":{"@type":"PropertyValueSpecification","valueRequired":true,"valueName":"search_term_string"}}],"inLanguage":"en-CA"}]}},"_links":{"self":[{"href":"https:\/\/gfgsmtl.qc.ca\/en\/wp-json\/wp\/v2\/pages\/6977","targetHints":{"allow":["GET"]}}],"collection":[{"href":"https:\/\/gfgsmtl.qc.ca\/en\/wp-json\/wp\/v2\/pages"}],"about":[{"href":"https:\/\/gfgsmtl.qc.ca\/en\/wp-json\/wp\/v2\/types\/page"}],"author":[{"embeddable":true,"href":"https:\/\/gfgsmtl.qc.ca\/en\/wp-json\/wp\/v2\/users\/1"}],"replies":[{"embeddable":true,"href":"https:\/\/gfgsmtl.qc.ca\/en\/wp-json\/wp\/v2\/comments?post=6977"}],"version-history":[{"count":10,"href":"https:\/\/gfgsmtl.qc.ca\/en\/wp-json\/wp\/v2\/pages\/6977\/revisions"}],"predecessor-version":[{"id":14877,"href":"https:\/\/gfgsmtl.qc.ca\/en\/wp-json\/wp\/v2\/pages\/6977\/revisions\/14877"}],"up":[{"embeddable":true,"href":"https:\/\/gfgsmtl.qc.ca\/en\/wp-json\/wp\/v2\/pages\/6951"}],"wp:attachment":[{"href":"https:\/\/gfgsmtl.qc.ca\/en\/wp-json\/wp\/v2\/media?parent=6977"}],"curies":[{"name":"wp","href":"https:\/\/api.w.org\/{rel}","templated":true}]}}