{"id":6895,"date":"2017-09-12T16:10:54","date_gmt":"2017-09-12T14:10:54","guid":{"rendered":"http:\/\/gfgsmtl.qc.ca\/?page_id=6895"},"modified":"2019-09-19T12:20:20","modified_gmt":"2019-09-19T16:20:20","slug":"our-cause","status":"publish","type":"page","link":"https:\/\/gfgsmtl.qc.ca\/en\/our-cause\/","title":{"rendered":"Our cause"},"content":{"rendered":"<section class=\"l-section wpb_row height_huge color_primary with_img parallax_hor bgwidth_120\"><div class=\"l-section-img\" role=\"img\" aria-label=\"Inscrire enfant Mentorat\" data-img-width=\"1041\" data-img-height=\"686\" style=\"background-image: url(https:\/\/gfgsmtl.qc.ca\/wp-content\/uploads\/2017\/05\/Ff__leaves2-1.jpg);background-position: top center;background-repeat: no-repeat;\"><\/div><div class=\"l-section-overlay\" style=\"background:rgba(30,30,30,0.75)\"><\/div><div class=\"l-section-h i-cf\"><div class=\"g-cols vc_row via_flex valign_top type_default stacking_default\"><div class=\"vc_col-sm-12 wpb_column vc_column_container\"><div class=\"vc_column-inner\"><div class=\"wpb_wrapper\"><h1 style=\"font-size: 60px;text-align: center\" class=\"vc_custom_heading vc_do_custom_heading us_custom_cda6f729\" >Our cause<\/h1><div class=\"w-iconbox iconpos_top style_default color_custom align_center no_text no_title\"><a href=\"#mission\" class=\"w-iconbox-link\" aria-label=\"fas|chevron-down\"><div class=\"w-iconbox-icon\" style=\"font-size:2rem;\"><i class=\"fas fa-chevron-down\"><\/i><\/div><\/a><div class=\"w-iconbox-meta\"><\/div><\/div><\/div><\/div><\/div><\/div><\/div><\/section><section class=\"l-section wpb_row height_medium\"><div class=\"l-section-h i-cf\"><div class=\"g-cols vc_row via_flex valign_top type_default stacking_default\"><div class=\"vc_col-sm-6 wpb_column vc_column_container\"><div class=\"vc_column-inner\"><div class=\"wpb_wrapper\"><div class=\"w-flipbox animation_cubetilt direction_w\"><div class=\"w-flipbox-h easing_ease\" style=\"transition-duration:0.5s;\"><div class=\"w-flipbox-hh\"><div class=\"w-flipbox-front\"><div class=\"w-flipbox-front-h\"><div class=\"w-flipbox-front-icon style_default\" style=\"font-size:2rem;\"><\/div><h4 class=\"w-flipbox-front-title\">Notre mission<\/h4><div class=\"w-flipbox-front-desc\"><p>Grands Fr\u00e8res et Grandes S\u0153urs du Grand Montr\u00e9al (GFGSGM) a pour mission de jumeler des enfants \u00e0 des mentors b\u00e9n\u00e9voles en leur offrant une pr\u00e9sence significative et un mod\u00e8le positif ...<\/p>\n<\/div><\/div><\/div><div class=\"w-flipbox-back\" style=\"display:none;background:#8d56bf;color:#ffffff;\"><div class=\"w-flipbox-back-h\"><h4 class=\"w-flipbox-back-title\">Notre mission<\/h4><div class=\"w-flipbox-back-desc\"><p>D\u00e9couvrez notre mission dans le Grand Montr\u00e9al<\/p>\n<\/div><a href=\"http:\/\/gfgsmtl.qc.ca\/cause\/notre-mission\/\" class=\"w-btn us-btn-style_7\"><span class=\"w-btn-label\">En savoir plus<\/span><\/a><\/div><\/div><\/div><\/div><\/div><\/div><\/div><\/div><div class=\"vc_col-sm-6 wpb_column vc_column_container\"><div class=\"vc_column-inner\"><div class=\"wpb_wrapper\"><\/div><\/div><\/div><\/div><\/div><\/section>","protected":false},"excerpt":{"rendered":"Our causeNotre missionGrands Fr\u00e8res et Grandes S\u0153urs du Grand Montr\u00e9al (GFGSGM) a pour mission de jumeler des enfants \u00e0 des mentors b\u00e9n\u00e9voles en leur offrant une pr\u00e9sence significative et un mod\u00e8le positif ... Notre missionD\u00e9couvrez notre mission dans le Grand Montr\u00e9al En savoir plus","protected":false},"author":1,"featured_media":0,"parent":0,"menu_order":0,"comment_status":"closed","ping_status":"closed","template":"","meta":{"_monsterinsights_skip_tracking":false,"_monsterinsights_sitenote_active":false,"_monsterinsights_sitenote_note":"","_monsterinsights_sitenote_category":0,"footnotes":""},"class_list":["post-6895","page","type-page","status-publish","hentry"],"yoast_head":"<!-- This site is optimized with the Yoast SEO plugin v27.5 - https:\/\/yoast.com\/product\/yoast-seo-wordpress\/ -->\n<title>Our cause | Big Brothers Big Sisters of Greater Montreal<\/title>\n<meta name=\"description\" content=\"Gr\u00e2ce aux impacts du mentorat, nous cr\u00e9ons des changements positifs au sein des communaut\u00e9s, afin que chaque jeune r\u00e9alise son plein potentiel.\" \/>\n<meta name=\"robots\" content=\"index, follow, max-snippet:-1, max-image-preview:large, max-video-preview:-1\" \/>\n<link rel=\"canonical\" href=\"https:\/\/gfgsmtl.qc.ca\/en\/our-cause\/\" \/>\n<meta property=\"og:locale\" content=\"en_US\" \/>\n<meta property=\"og:type\" content=\"article\" \/>\n<meta property=\"og:title\" content=\"Our cause | Big Brothers Big Sisters of Greater Montreal\" \/>\n<meta property=\"og:description\" content=\"Gr\u00e2ce aux impacts du mentorat, nous cr\u00e9ons des changements positifs au sein des communaut\u00e9s, afin que chaque jeune r\u00e9alise son plein potentiel.\" \/>\n<meta property=\"og:url\" content=\"https:\/\/gfgsmtl.qc.ca\/en\/our-cause\/\" \/>\n<meta property=\"og:site_name\" content=\"Big Brothers Big Sisters of Greater Montreal\" \/>\n<meta property=\"article:publisher\" content=\"https:\/\/www.facebook.com\/GFGSmontreal\/\" \/>\n<meta property=\"article:modified_time\" content=\"2019-09-19T16:20:20+00:00\" \/>\n<meta name=\"twitter:card\" content=\"summary_large_image\" \/>\n<meta name=\"twitter:site\" content=\"@GFGSmontreal\" \/>\n<meta name=\"twitter:label1\" content=\"Est. reading time\" \/>\n\t<meta name=\"twitter:data1\" content=\"1 minute\" \/>\n<script type=\"application\/ld+json\" class=\"yoast-schema-graph\">{\"@context\":\"https:\\\/\\\/schema.org\",\"@graph\":[{\"@type\":\"WebPage\",\"@id\":\"https:\\\/\\\/gfgsmtl.qc.ca\\\/en\\\/our-cause\\\/\",\"url\":\"https:\\\/\\\/gfgsmtl.qc.ca\\\/en\\\/our-cause\\\/\",\"name\":\"Our cause | Big Brothers Big Sisters of Greater Montreal\",\"isPartOf\":{\"@id\":\"https:\\\/\\\/gfgsmtl.qc.ca\\\/en\\\/#website\"},\"datePublished\":\"2017-09-12T14:10:54+00:00\",\"dateModified\":\"2019-09-19T16:20:20+00:00\",\"description\":\"Gr\u00e2ce aux impacts du mentorat, nous cr\u00e9ons des changements positifs au sein des communaut\u00e9s, afin que chaque jeune r\u00e9alise son plein potentiel.\",\"breadcrumb\":{\"@id\":\"https:\\\/\\\/gfgsmtl.qc.ca\\\/en\\\/our-cause\\\/#breadcrumb\"},\"inLanguage\":\"en-CA\",\"potentialAction\":[{\"@type\":\"ReadAction\",\"target\":[\"https:\\\/\\\/gfgsmtl.qc.ca\\\/en\\\/our-cause\\\/\"]}]},{\"@type\":\"BreadcrumbList\",\"@id\":\"https:\\\/\\\/gfgsmtl.qc.ca\\\/en\\\/our-cause\\\/#breadcrumb\",\"itemListElement\":[{\"@type\":\"ListItem\",\"position\":1,\"name\":\"Accueil\",\"item\":\"https:\\\/\\\/gfgsmtl.qc.ca\\\/en\\\/home\\\/\"},{\"@type\":\"ListItem\",\"position\":2,\"name\":\"Our cause\"}]},{\"@type\":\"WebSite\",\"@id\":\"https:\\\/\\\/gfgsmtl.qc.ca\\\/en\\\/#website\",\"url\":\"https:\\\/\\\/gfgsmtl.qc.ca\\\/en\\\/\",\"name\":\"Big Brothers Big Sisters of Greater Montreal\",\"description\":\"\",\"potentialAction\":[{\"@type\":\"SearchAction\",\"target\":{\"@type\":\"EntryPoint\",\"urlTemplate\":\"https:\\\/\\\/gfgsmtl.qc.ca\\\/en\\\/?s={search_term_string}\"},\"query-input\":{\"@type\":\"PropertyValueSpecification\",\"valueRequired\":true,\"valueName\":\"search_term_string\"}}],\"inLanguage\":\"en-CA\"}]}<\/script>\n<!-- \/ Yoast SEO plugin. -->","yoast_head_json":{"title":"Our cause | Big Brothers Big Sisters of Greater Montreal","description":"Gr\u00e2ce aux impacts du mentorat, nous cr\u00e9ons des changements positifs au sein des communaut\u00e9s, afin que chaque jeune r\u00e9alise son plein potentiel.","robots":{"index":"index","follow":"follow","max-snippet":"max-snippet:-1","max-image-preview":"max-image-preview:large","max-video-preview":"max-video-preview:-1"},"canonical":"https:\/\/gfgsmtl.qc.ca\/en\/our-cause\/","og_locale":"en_US","og_type":"article","og_title":"Our cause | Big Brothers Big Sisters of Greater Montreal","og_description":"Gr\u00e2ce aux impacts du mentorat, nous cr\u00e9ons des changements positifs au sein des communaut\u00e9s, afin que chaque jeune r\u00e9alise son plein potentiel.","og_url":"https:\/\/gfgsmtl.qc.ca\/en\/our-cause\/","og_site_name":"Big Brothers Big Sisters of Greater Montreal","article_publisher":"https:\/\/www.facebook.com\/GFGSmontreal\/","article_modified_time":"2019-09-19T16:20:20+00:00","twitter_card":"summary_large_image","twitter_site":"@GFGSmontreal","twitter_misc":{"Est. reading time":"1 minute"},"schema":{"@context":"https:\/\/schema.org","@graph":[{"@type":"WebPage","@id":"https:\/\/gfgsmtl.qc.ca\/en\/our-cause\/","url":"https:\/\/gfgsmtl.qc.ca\/en\/our-cause\/","name":"Our cause | Big Brothers Big Sisters of Greater Montreal","isPartOf":{"@id":"https:\/\/gfgsmtl.qc.ca\/en\/#website"},"datePublished":"2017-09-12T14:10:54+00:00","dateModified":"2019-09-19T16:20:20+00:00","description":"Gr\u00e2ce aux impacts du mentorat, nous cr\u00e9ons des changements positifs au sein des communaut\u00e9s, afin que chaque jeune r\u00e9alise son plein potentiel.","breadcrumb":{"@id":"https:\/\/gfgsmtl.qc.ca\/en\/our-cause\/#breadcrumb"},"inLanguage":"en-CA","potentialAction":[{"@type":"ReadAction","target":["https:\/\/gfgsmtl.qc.ca\/en\/our-cause\/"]}]},{"@type":"BreadcrumbList","@id":"https:\/\/gfgsmtl.qc.ca\/en\/our-cause\/#breadcrumb","itemListElement":[{"@type":"ListItem","position":1,"name":"Accueil","item":"https:\/\/gfgsmtl.qc.ca\/en\/home\/"},{"@type":"ListItem","position":2,"name":"Our cause"}]},{"@type":"WebSite","@id":"https:\/\/gfgsmtl.qc.ca\/en\/#website","url":"https:\/\/gfgsmtl.qc.ca\/en\/","name":"Big Brothers Big Sisters of Greater Montreal","description":"","potentialAction":[{"@type":"SearchAction","target":{"@type":"EntryPoint","urlTemplate":"https:\/\/gfgsmtl.qc.ca\/en\/?s={search_term_string}"},"query-input":{"@type":"PropertyValueSpecification","valueRequired":true,"valueName":"search_term_string"}}],"inLanguage":"en-CA"}]}},"_links":{"self":[{"href":"https:\/\/gfgsmtl.qc.ca\/en\/wp-json\/wp\/v2\/pages\/6895","targetHints":{"allow":["GET"]}}],"collection":[{"href":"https:\/\/gfgsmtl.qc.ca\/en\/wp-json\/wp\/v2\/pages"}],"about":[{"href":"https:\/\/gfgsmtl.qc.ca\/en\/wp-json\/wp\/v2\/types\/page"}],"author":[{"embeddable":true,"href":"https:\/\/gfgsmtl.qc.ca\/en\/wp-json\/wp\/v2\/users\/1"}],"replies":[{"embeddable":true,"href":"https:\/\/gfgsmtl.qc.ca\/en\/wp-json\/wp\/v2\/comments?post=6895"}],"version-history":[{"count":3,"href":"https:\/\/gfgsmtl.qc.ca\/en\/wp-json\/wp\/v2\/pages\/6895\/revisions"}],"predecessor-version":[{"id":12395,"href":"https:\/\/gfgsmtl.qc.ca\/en\/wp-json\/wp\/v2\/pages\/6895\/revisions\/12395"}],"wp:attachment":[{"href":"https:\/\/gfgsmtl.qc.ca\/en\/wp-json\/wp\/v2\/media?parent=6895"}],"curies":[{"name":"wp","href":"https:\/\/api.w.org\/{rel}","templated":true}]}}