{"id":14764,"date":"2024-10-23T10:58:43","date_gmt":"2024-10-23T14:58:43","guid":{"rendered":"https:\/\/gfgsmtl.qc.ca\/?page_id=14764"},"modified":"2025-03-27T15:44:26","modified_gmt":"2025-03-27T19:44:26","slug":"facebook-birthday-fundraiser","status":"publish","type":"page","link":"https:\/\/gfgsmtl.qc.ca\/en\/support-us\/other-ways-to-help\/facebook-birthday-fundraiser\/","title":{"rendered":"Facebook Birthday Fundraiser"},"content":{"rendered":"<section class=\"l-section wpb_row height_medium full_height valign_center color_secondary with_img parallax_ver\"><div class=\"l-section-img\" role=\"img\" aria-label=\"Soutenir Grands fr\u00e8res grande s\u0153urs Montr\u00e9al\" data-img-width=\"1920\" data-img-height=\"1281\" style=\"background-image: url(https:\/\/gfgsmtl.qc.ca\/wp-content\/uploads\/2017\/06\/A_DD80028.jpg);\"><\/div><div class=\"l-section-overlay\" style=\"background:rgba(30,30,30,0.75)\"><\/div><div class=\"l-section-h i-cf\"><div class=\"g-cols vc_row via_flex valign_top type_default stacking_default\"><div class=\"vc_col-sm-12 wpb_column vc_column_container\"><div class=\"vc_column-inner\"><div class=\"wpb_wrapper\"><h1 style=\"font-size: 4rem;text-align: center\" class=\"vc_custom_heading vc_do_custom_heading us_custom_cda6f729\" >Celebrate your birthday by changing lives<\/h1><div class=\"w-iconbox iconpos_top style_default color_custom align_center no_text no_title\"><a href=\"#commandite\" class=\"w-iconbox-link\" aria-label=\"fas|chevron-down\"><div class=\"w-iconbox-icon\" style=\"font-size:24px;\"><i class=\"fas fa-chevron-down\"><\/i><\/div><\/a><div class=\"w-iconbox-meta\"><\/div><\/div><\/div><\/div><\/div><\/div><\/div><\/section><section class=\"l-section wpb_row height_medium\" id=\"commandite\"><div class=\"l-section-h i-cf\"><div class=\"g-cols vc_row via_flex valign_top type_default stacking_default\"><div class=\"vc_col-sm-12 wpb_column vc_column_container\"><div class=\"vc_column-inner\"><div class=\"wpb_wrapper\"><div class=\"g-cols wpb_row via_flex valign_top type_default stacking_default\"><div class=\"vc_col-sm-12 wpb_column vc_column_container\"><div class=\"vc_column-inner\"><div class=\"wpb_wrapper\"><div class=\"wpb_text_column\"><div class=\"wpb_wrapper\"><h2 class=\"html-h2 xdj266r x11i5rnm xat24cr x1mh8g0r xexx8yu x4uap5 x18d9i69 xkhd6sd x1vvkbs x1heor9g x1qlqyl8 x1pd3egz x1a2a7pz x193iq5w xeuugli\" style=\"text-align: center;\">Create your birthday fundraiser<\/h2>\n<\/div><\/div><div class=\"w-separator size_custom with_line width_default thick_1 style_solid color_border align_center\" style=\"height:32px\"><div class=\"w-separator-h\"><\/div><\/div><\/div><\/div><\/div><\/div><div class=\"g-cols wpb_row via_flex valign_top type_default stacking_default\"><div class=\"vc_col-sm-12 wpb_column vc_column_container\"><div class=\"vc_column-inner\"><div class=\"wpb_wrapper\"><div class=\"wpb_text_column\"><div class=\"wpb_wrapper\"><p>Your birthday can make an impact! Give young people the chance to build a bright future by asking your friends to donate in your honor.<\/p>\n<p>Big Brothers Big Sisters of Greater Montreal transforms the lives of hundreds of youth through mentorship, and with your support, we can help even more.<\/p>\n<\/div><\/div><div class=\"w-separator size_medium\"><\/div><div class=\"wpb_text_column\"><div class=\"wpb_wrapper\"><blockquote>\n<p><em>Before meeting my Big Sister Marie, I lacked self-confidence and often felt alone. She became an important person in my life. She helped me express myself better and face tough times. Thanks to her, I learned to believe in myself and set goals. Today, I dream of becoming a teacher and inspiring other young people, just like she inspired me.<\/em>\u00a0\u00bb \u2013 Sarah<\/p>\n<\/blockquote>\n<\/div><\/div><\/div><\/div><\/div><\/div><div class=\"w-separator size_medium\"><\/div><div class=\"w-actionbox color_primary controls_right\"><div class=\"w-actionbox-text\"><h2 class=\"w-actionbox-title\">Create your Facebook Birthday Fundraiser today and start changing lives.<\/h2><\/div><div class=\"w-actionbox-controls\"><a class=\"w-btn us-btn-style_5 icon_atleft\" href=\"https:\/\/bit.ly\/GFGSFund\" style=\"font-size:16px;\"><i class=\"fas fa-gift\"><\/i><span class=\"w-btn-label\">Set up my Birthday Fundraiser<\/span><\/a><\/div><\/div><\/div><\/div><\/div><\/div><\/div><\/section><section class=\"l-section wpb_row height_medium\"><div class=\"l-section-h i-cf\"><div class=\"g-cols vc_row via_flex valign_top type_default stacking_default\"><div class=\"vc_col-sm-12 wpb_column vc_column_container\"><div class=\"vc_column-inner\"><div class=\"wpb_wrapper\"><div class=\"wpb_text_column\"><div class=\"wpb_wrapper\"><h2>How Does It Work?<\/h2>\n<p>Here\u2019s how to create a birthday fundraiser, step by step, on desktop or mobile (based on <a href=\"https:\/\/www.facebook.com\/help\/1910205189301966\" target=\"_new\" rel=\"noopener\"><span>Facebook<\/span><span> Help<\/span><\/a>) :<\/p>\n<\/div><\/div><div class=\"w-tabs layout_ver navwidth_auto navpos_left style_default switch_click has_scrolling\" style=\"--sections-title-size:1em\"><div class=\"w-tabs-list items_2 align_none\"><div class=\"w-tabs-list-h\"><button class=\"w-tabs-item active defined-active\" aria-controls=\"content-ba4b\" aria-expanded=\"true\"><span class=\"w-tabs-item-title\">On desktop<\/span><\/button><button class=\"w-tabs-item\" aria-controls=\"content-rf22\" aria-expanded=\"false\"><span class=\"w-tabs-item-title\">on mobile<\/span><\/button><\/div><\/div><div class=\"w-tabs-sections titles-align_none icon_chevron cpos_right\"><div class=\"w-tabs-section active\" id=\"ba4b\"><button class=\"w-tabs-section-header active\" aria-controls=\"content-ba4b\" aria-expanded=\"true\"><div class=\"w-tabs-section-title\">On desktop<\/div><div class=\"w-tabs-section-control\"><\/div><\/button><div  class=\"w-tabs-section-content\" id=\"content-ba4b\"><div class=\"w-tabs-section-content-h i-cf\"><div class=\"wpb_text_column\"><div class=\"wpb_wrapper\"><ul>\n<li><strong>On Desktop:<\/strong>\n<ol>\n<li>Go to your Facebook account and click the Facebook logo in the top left corner.<\/li>\n<li>In the menu, click <strong>\u00ab\u00a0Fundraisers\u00a0\u00bb<\/strong> (click <strong>\u00ab\u00a0See More\u00a0\u00bb<\/strong> if you don\u2019t see the option).<\/li>\n<li>Click <strong>\u00ab\u00a0Raise Money\u00a0\u00bb<\/strong> or <strong>\u00ab\u00a0Select Nonprofit\u00a0\u00bb<\/strong>.<\/li>\n<li>Choose our organization: <strong>\u00ab\u00a0Big Brothers Big Sisters of Greater Montreal\u00a0\u00bb<\/strong>.<\/li>\n<li>Set up your fundraiser and finish by clicking <strong>\u00ab\u00a0Create\u00a0\u00bb<\/strong>.<\/li>\n<\/ol>\n<\/li>\n<\/ul>\n<p><a href=\"https:\/\/bit.ly\/GFGSFund\"><img loading=\"lazy\" decoding=\"async\" class=\"aligncenter wp-image-14774 size-full\" src=\"https:\/\/gfgsmtl.qc.ca\/wp-content\/uploads\/2024\/10\/Facebook-Fundraising-Birthday-BBBS.jpg\" alt=\"Facebook Fundraising Birthday for BBBS\" width=\"780\" height=\"271\" srcset=\"https:\/\/gfgsmtl.qc.ca\/wp-content\/uploads\/2024\/10\/Facebook-Fundraising-Birthday-BBBS.jpg 780w, https:\/\/gfgsmtl.qc.ca\/wp-content\/uploads\/2024\/10\/Facebook-Fundraising-Birthday-BBBS-300x104.jpg 300w, https:\/\/gfgsmtl.qc.ca\/wp-content\/uploads\/2024\/10\/Facebook-Fundraising-Birthday-BBBS-18x6.jpg 18w, https:\/\/gfgsmtl.qc.ca\/wp-content\/uploads\/2024\/10\/Facebook-Fundraising-Birthday-BBBS-600x208.jpg 600w, https:\/\/gfgsmtl.qc.ca\/wp-content\/uploads\/2024\/10\/Facebook-Fundraising-Birthday-BBBS-768x267.jpg 768w\" sizes=\"auto, (max-width: 780px) 100vw, 780px\" \/><\/a><\/p>\n<\/div><\/div><\/div><\/div><\/div><div class=\"w-tabs-section\" id=\"rf22\"><button class=\"w-tabs-section-header\" aria-controls=\"content-rf22\" aria-expanded=\"false\"><div class=\"w-tabs-section-title\">on mobile<\/div><div class=\"w-tabs-section-control\"><\/div><\/button><div  class=\"w-tabs-section-content\" id=\"content-rf22\"><div class=\"w-tabs-section-content-h i-cf\"><div class=\"wpb_text_column\"><div class=\"wpb_wrapper\"><ul>\n<li>\n<div class=\"flex-shrink-0 flex flex-col relative items-end\">\n<div>\n<div class=\"pt-0\">\n<div class=\"gizmo-bot-avatar flex h-8 w-8 items-center justify-center overflow-hidden rounded-full\">\n<div class=\"relative p-1 rounded-sm flex items-center justify-center bg-token-main-surface-primary text-token-text-primary h-8 w-8\"><strong>On Mobile App:<\/strong><\/div>\n<\/div>\n<\/div>\n<\/div>\n<\/div>\n<div class=\"group\/conversation-turn relative flex w-full min-w-0 flex-col agent-turn\">\n<div class=\"flex-col gap-1 md:gap-3\">\n<div class=\"flex max-w-full flex-col flex-grow\">\n<div class=\"min-h-8 text-message flex w-full flex-col items-end gap-2 whitespace-normal break-words &#091;.text-message+&amp;&#093;:mt-5\" dir=\"auto\" data-message-author-role=\"assistant\" data-message-id=\"c48b90e5-b9b4-4fa4-ba1d-e13389d497a9\" data-message-model-slug=\"gpt-4o\">\n<div class=\"flex w-full flex-col gap-1 empty:hidden first:pt-&#091;3px&#093;\">\n<div class=\"markdown prose w-full break-words dark:prose-invert light\">\n<ol>\n<li>Open the Facebook app on your smartphone or tablet.<\/li>\n<li>Tap the <strong>menu icon<\/strong> at the bottom right of the interface.<\/li>\n<li>Select <strong>Fundraisers<\/strong>.<\/li>\n<li>Tap <strong>Create a Fundraiser<\/strong>.<\/li>\n<li>Type <strong>Big Brothers Big Sisters of Greater Montreal<\/strong> in the search bar.<\/li>\n<li>Select the organization.<\/li>\n<li>Enter your fundraising goal.<\/li>\n<li>Tap <strong>Create<\/strong> at the bottom of the screen.<\/li>\n<\/ol>\n<\/div>\n<\/div>\n<\/div>\n<\/div>\n<\/div>\n<\/div>\n<\/li>\n<\/ul>\n<\/div><\/div><\/div><\/div><\/div><\/div><\/div><\/div><\/div><\/div><\/div><\/div><\/section><section class=\"l-section wpb_row height_medium\"><div class=\"l-section-h i-cf\"><div class=\"g-cols vc_row via_flex valign_top type_default stacking_default\"><div class=\"vc_col-sm-12 wpb_column vc_column_container\"><div class=\"vc_column-inner\"><div class=\"wpb_wrapper\"><div class=\"wpb_text_column\"><div class=\"wpb_wrapper\"><h2>Why Choose Big Brothers Big Sisters?<\/h2>\n<p>Every donation directly helps provide positive mentoring relationships to youth in our community. By turning your birthday into an opportunity for generosity, you give more young people the support and guidance they need to succeed.<\/p>\n<\/div><\/div><div class=\"w-tabs style_default switch_click accordion has_scrolling\" style=\"--sections-title-size:inherit\"><div class=\"w-tabs-sections titles-align_none icon_chevron cpos_right\"><div class=\"w-tabs-section\" id=\"y0a1\"><button class=\"w-tabs-section-header\" aria-controls=\"content-y0a1\" aria-expanded=\"false\"><div class=\"w-tabs-section-title\">How does the organization receive donations?<\/div><div class=\"w-tabs-section-control\"><\/div><\/button><div  class=\"w-tabs-section-content\" id=\"content-y0a1\"><div class=\"w-tabs-section-content-h i-cf\"><div class=\"wpb_text_column\"><div class=\"wpb_wrapper\"><p>When people donate to a charity on Facebook, the money is transferred to the PayPal Giving Fund, which then transfers the funds raised to the organization.<\/p>\n<\/div><\/div><\/div><\/div><\/div><div class=\"w-tabs-section\" id=\"g26b\"><button class=\"w-tabs-section-header\" aria-controls=\"content-g26b\" aria-expanded=\"false\"><div class=\"w-tabs-section-title\">How does it work for taxes?<\/div><div class=\"w-tabs-section-control\"><\/div><\/button><div  class=\"w-tabs-section-content\" id=\"content-g26b\"><div class=\"w-tabs-section-content-h i-cf\"><div class=\"wpb_text_column\"><div class=\"wpb_wrapper\"><p>Donations made on Facebook via PayPal Giving Fund to support our organization may be tax-deductible. After a donation, PayPal Giving Fund sends an official certificate to the donor&rsquo;s e-mail address.<br \/>\nConsult a tax advisor to check the rules specific to your situation.<\/p>\n<\/div><\/div><\/div><\/div><\/div><div class=\"w-tabs-section\" id=\"j430\"><button class=\"w-tabs-section-header\" aria-controls=\"content-j430\" aria-expanded=\"false\"><div class=\"w-tabs-section-title\">How does it work for fees?<\/div><div class=\"w-tabs-section-control\"><\/div><\/button><div  class=\"w-tabs-section-content\" id=\"content-j430\"><div class=\"w-tabs-section-content-h i-cf\"><div class=\"wpb_text_column\"><div class=\"wpb_wrapper\"><p>Meta no longer covers payment processing fees for donations in Canada.<br \/>\nA processing fee of <b>1.6% + $0.30 <\/b>applies to all donations. Donors will have the option of increasing their donation to cover this fee.<\/p>\n<\/div><\/div><\/div><\/div><\/div><div class=\"w-tabs-section\" id=\"l5fd\"><button class=\"w-tabs-section-header\" aria-controls=\"content-l5fd\" aria-expanded=\"false\"><div class=\"w-tabs-section-title\">Can I make an anonymous donation?<\/div><div class=\"w-tabs-section-control\"><\/div><\/button><div  class=\"w-tabs-section-content\" id=\"content-l5fd\"><div class=\"w-tabs-section-content-h i-cf\"><div class=\"wpb_text_column\"><div class=\"wpb_wrapper\"><div class=\"xyorhqc\">Yes, to make an anonymous donation, select \u201cMe only\u201d from the donation form&rsquo;s privacy menu.<br \/>\nPlease note that fundraisers, non-profit organizations receiving donations and PayPal Giving Fund can see all donations. They are the only ones who can see donation amounts.<\/div>\n<\/div><\/div><\/div><\/div><\/div><\/div><\/div><div class=\"w-separator size_medium\"><\/div><div class=\"wpb_text_column\"><div class=\"wpb_wrapper\"><h2>Need help setting up your campaign?<\/h2>\n<p>Contact us and we&rsquo;ll be happy to assist you: 514-842-9715 ext. 226 or<span style=\"font-size: 16px;\">\u00a0<\/span><a style=\"font-size: 16px;\" href=\"mailto:Montreal@grandsfreresgrandessoeurs.ca\">Montreal@grandsfreresgrandessoeurs.ca<\/a><\/p>\n<\/div><\/div><\/div><\/div><\/div><\/div><\/div><\/section>","protected":false},"excerpt":{"rendered":"Celebrate your birthday by changing livesCreate your birthday fundraiser Your birthday can make an impact! Give young people the chance to build a bright future by asking your friends to donate in your honor. Big Brothers Big Sisters of Greater Montreal transforms the lives of hundreds of youth through mentorship, and with your support, we...","protected":false},"author":1,"featured_media":0,"parent":8122,"menu_order":0,"comment_status":"closed","ping_status":"closed","template":"","meta":{"_monsterinsights_skip_tracking":false,"_monsterinsights_sitenote_active":false,"_monsterinsights_sitenote_note":"","_monsterinsights_sitenote_category":0,"footnotes":""},"class_list":["post-14764","page","type-page","status-publish","hentry"],"yoast_head":"<!-- This site is optimized with the Yoast SEO plugin v27.3 - https:\/\/yoast.com\/product\/yoast-seo-wordpress\/ -->\n<title>Facebook Birthday Fundraiser - Big Brothers Big Sisters of Greater Montreal<\/title>\n<meta name=\"robots\" content=\"index, follow, max-snippet:-1, max-image-preview:large, max-video-preview:-1\" \/>\n<link rel=\"canonical\" href=\"https:\/\/gfgsmtl.qc.ca\/en\/support-us\/other-ways-to-help\/facebook-birthday-fundraiser\/\" \/>\n<meta property=\"og:locale\" content=\"en_US\" \/>\n<meta property=\"og:type\" content=\"article\" \/>\n<meta property=\"og:title\" content=\"Facebook Birthday Fundraiser - Big Brothers Big Sisters of Greater Montreal\" \/>\n<meta property=\"og:url\" content=\"https:\/\/gfgsmtl.qc.ca\/en\/support-us\/other-ways-to-help\/facebook-birthday-fundraiser\/\" \/>\n<meta property=\"og:site_name\" content=\"Big Brothers Big Sisters of Greater Montreal\" \/>\n<meta property=\"article:publisher\" content=\"https:\/\/www.facebook.com\/GFGSmontreal\/\" \/>\n<meta property=\"article:modified_time\" content=\"2025-03-27T19:44:26+00:00\" \/>\n<meta property=\"og:image\" content=\"https:\/\/gfgsmtl.qc.ca\/wp-content\/uploads\/2024\/10\/Facebook-Fundraising-Birthday-BBBS.jpg\" \/>\n\t<meta property=\"og:image:width\" content=\"780\" \/>\n\t<meta property=\"og:image:height\" content=\"271\" \/>\n\t<meta property=\"og:image:type\" content=\"image\/jpeg\" \/>\n<meta name=\"twitter:card\" content=\"summary_large_image\" \/>\n<meta name=\"twitter:site\" content=\"@GFGSmontreal\" \/>\n<meta name=\"twitter:label1\" content=\"Est. reading time\" \/>\n\t<meta name=\"twitter:data1\" content=\"3 minutes\" \/>\n<script type=\"application\/ld+json\" class=\"yoast-schema-graph\">{\"@context\":\"https:\\\/\\\/schema.org\",\"@graph\":[{\"@type\":\"WebPage\",\"@id\":\"https:\\\/\\\/gfgsmtl.qc.ca\\\/en\\\/support-us\\\/other-ways-to-help\\\/facebook-birthday-fundraiser\\\/\",\"url\":\"https:\\\/\\\/gfgsmtl.qc.ca\\\/en\\\/support-us\\\/other-ways-to-help\\\/facebook-birthday-fundraiser\\\/\",\"name\":\"Facebook Birthday Fundraiser - Big Brothers Big Sisters of Greater Montreal\",\"isPartOf\":{\"@id\":\"https:\\\/\\\/gfgsmtl.qc.ca\\\/en\\\/#website\"},\"primaryImageOfPage\":{\"@id\":\"https:\\\/\\\/gfgsmtl.qc.ca\\\/en\\\/support-us\\\/other-ways-to-help\\\/facebook-birthday-fundraiser\\\/#primaryimage\"},\"image\":{\"@id\":\"https:\\\/\\\/gfgsmtl.qc.ca\\\/en\\\/support-us\\\/other-ways-to-help\\\/facebook-birthday-fundraiser\\\/#primaryimage\"},\"thumbnailUrl\":\"https:\\\/\\\/gfgsmtl.qc.ca\\\/wp-content\\\/uploads\\\/2024\\\/10\\\/Facebook-Fundraising-Birthday-BBBS.jpg\",\"datePublished\":\"2024-10-23T14:58:43+00:00\",\"dateModified\":\"2025-03-27T19:44:26+00:00\",\"breadcrumb\":{\"@id\":\"https:\\\/\\\/gfgsmtl.qc.ca\\\/en\\\/support-us\\\/other-ways-to-help\\\/facebook-birthday-fundraiser\\\/#breadcrumb\"},\"inLanguage\":\"en-CA\",\"potentialAction\":[{\"@type\":\"ReadAction\",\"target\":[\"https:\\\/\\\/gfgsmtl.qc.ca\\\/en\\\/support-us\\\/other-ways-to-help\\\/facebook-birthday-fundraiser\\\/\"]}]},{\"@type\":\"ImageObject\",\"inLanguage\":\"en-CA\",\"@id\":\"https:\\\/\\\/gfgsmtl.qc.ca\\\/en\\\/support-us\\\/other-ways-to-help\\\/facebook-birthday-fundraiser\\\/#primaryimage\",\"url\":\"https:\\\/\\\/gfgsmtl.qc.ca\\\/wp-content\\\/uploads\\\/2024\\\/10\\\/Facebook-Fundraising-Birthday-BBBS.jpg\",\"contentUrl\":\"https:\\\/\\\/gfgsmtl.qc.ca\\\/wp-content\\\/uploads\\\/2024\\\/10\\\/Facebook-Fundraising-Birthday-BBBS.jpg\"},{\"@type\":\"BreadcrumbList\",\"@id\":\"https:\\\/\\\/gfgsmtl.qc.ca\\\/en\\\/support-us\\\/other-ways-to-help\\\/facebook-birthday-fundraiser\\\/#breadcrumb\",\"itemListElement\":[{\"@type\":\"ListItem\",\"position\":1,\"name\":\"Accueil\",\"item\":\"https:\\\/\\\/gfgsmtl.qc.ca\\\/en\\\/home\\\/\"},{\"@type\":\"ListItem\",\"position\":2,\"name\":\"Support Us\",\"item\":\"https:\\\/\\\/gfgsmtl.qc.ca\\\/en\\\/support-us\\\/\"},{\"@type\":\"ListItem\",\"position\":3,\"name\":\"Other Ways to Help\",\"item\":\"https:\\\/\\\/gfgsmtl.qc.ca\\\/en\\\/support-us\\\/other-ways-to-help\\\/\"},{\"@type\":\"ListItem\",\"position\":4,\"name\":\"Facebook Birthday Fundraiser\"}]},{\"@type\":\"WebSite\",\"@id\":\"https:\\\/\\\/gfgsmtl.qc.ca\\\/en\\\/#website\",\"url\":\"https:\\\/\\\/gfgsmtl.qc.ca\\\/en\\\/\",\"name\":\"Big Brothers Big Sisters of Greater Montreal\",\"description\":\"\",\"potentialAction\":[{\"@type\":\"SearchAction\",\"target\":{\"@type\":\"EntryPoint\",\"urlTemplate\":\"https:\\\/\\\/gfgsmtl.qc.ca\\\/en\\\/?s={search_term_string}\"},\"query-input\":{\"@type\":\"PropertyValueSpecification\",\"valueRequired\":true,\"valueName\":\"search_term_string\"}}],\"inLanguage\":\"en-CA\"}]}<\/script>\n<!-- \/ Yoast SEO plugin. -->","yoast_head_json":{"title":"Facebook Birthday Fundraiser - Big Brothers Big Sisters of Greater Montreal","robots":{"index":"index","follow":"follow","max-snippet":"max-snippet:-1","max-image-preview":"max-image-preview:large","max-video-preview":"max-video-preview:-1"},"canonical":"https:\/\/gfgsmtl.qc.ca\/en\/support-us\/other-ways-to-help\/facebook-birthday-fundraiser\/","og_locale":"en_US","og_type":"article","og_title":"Facebook Birthday Fundraiser - Big Brothers Big Sisters of Greater Montreal","og_url":"https:\/\/gfgsmtl.qc.ca\/en\/support-us\/other-ways-to-help\/facebook-birthday-fundraiser\/","og_site_name":"Big Brothers Big Sisters of Greater Montreal","article_publisher":"https:\/\/www.facebook.com\/GFGSmontreal\/","article_modified_time":"2025-03-27T19:44:26+00:00","og_image":[{"width":780,"height":271,"url":"https:\/\/gfgsmtl.qc.ca\/wp-content\/uploads\/2024\/10\/Facebook-Fundraising-Birthday-BBBS.jpg","type":"image\/jpeg"}],"twitter_card":"summary_large_image","twitter_site":"@GFGSmontreal","twitter_misc":{"Est. reading time":"3 minutes"},"schema":{"@context":"https:\/\/schema.org","@graph":[{"@type":"WebPage","@id":"https:\/\/gfgsmtl.qc.ca\/en\/support-us\/other-ways-to-help\/facebook-birthday-fundraiser\/","url":"https:\/\/gfgsmtl.qc.ca\/en\/support-us\/other-ways-to-help\/facebook-birthday-fundraiser\/","name":"Facebook Birthday Fundraiser - Big Brothers Big Sisters of Greater Montreal","isPartOf":{"@id":"https:\/\/gfgsmtl.qc.ca\/en\/#website"},"primaryImageOfPage":{"@id":"https:\/\/gfgsmtl.qc.ca\/en\/support-us\/other-ways-to-help\/facebook-birthday-fundraiser\/#primaryimage"},"image":{"@id":"https:\/\/gfgsmtl.qc.ca\/en\/support-us\/other-ways-to-help\/facebook-birthday-fundraiser\/#primaryimage"},"thumbnailUrl":"https:\/\/gfgsmtl.qc.ca\/wp-content\/uploads\/2024\/10\/Facebook-Fundraising-Birthday-BBBS.jpg","datePublished":"2024-10-23T14:58:43+00:00","dateModified":"2025-03-27T19:44:26+00:00","breadcrumb":{"@id":"https:\/\/gfgsmtl.qc.ca\/en\/support-us\/other-ways-to-help\/facebook-birthday-fundraiser\/#breadcrumb"},"inLanguage":"en-CA","potentialAction":[{"@type":"ReadAction","target":["https:\/\/gfgsmtl.qc.ca\/en\/support-us\/other-ways-to-help\/facebook-birthday-fundraiser\/"]}]},{"@type":"ImageObject","inLanguage":"en-CA","@id":"https:\/\/gfgsmtl.qc.ca\/en\/support-us\/other-ways-to-help\/facebook-birthday-fundraiser\/#primaryimage","url":"https:\/\/gfgsmtl.qc.ca\/wp-content\/uploads\/2024\/10\/Facebook-Fundraising-Birthday-BBBS.jpg","contentUrl":"https:\/\/gfgsmtl.qc.ca\/wp-content\/uploads\/2024\/10\/Facebook-Fundraising-Birthday-BBBS.jpg"},{"@type":"BreadcrumbList","@id":"https:\/\/gfgsmtl.qc.ca\/en\/support-us\/other-ways-to-help\/facebook-birthday-fundraiser\/#breadcrumb","itemListElement":[{"@type":"ListItem","position":1,"name":"Accueil","item":"https:\/\/gfgsmtl.qc.ca\/en\/home\/"},{"@type":"ListItem","position":2,"name":"Support Us","item":"https:\/\/gfgsmtl.qc.ca\/en\/support-us\/"},{"@type":"ListItem","position":3,"name":"Other Ways to Help","item":"https:\/\/gfgsmtl.qc.ca\/en\/support-us\/other-ways-to-help\/"},{"@type":"ListItem","position":4,"name":"Facebook Birthday Fundraiser"}]},{"@type":"WebSite","@id":"https:\/\/gfgsmtl.qc.ca\/en\/#website","url":"https:\/\/gfgsmtl.qc.ca\/en\/","name":"Big Brothers Big Sisters of Greater Montreal","description":"","potentialAction":[{"@type":"SearchAction","target":{"@type":"EntryPoint","urlTemplate":"https:\/\/gfgsmtl.qc.ca\/en\/?s={search_term_string}"},"query-input":{"@type":"PropertyValueSpecification","valueRequired":true,"valueName":"search_term_string"}}],"inLanguage":"en-CA"}]}},"_links":{"self":[{"href":"https:\/\/gfgsmtl.qc.ca\/en\/wp-json\/wp\/v2\/pages\/14764","targetHints":{"allow":["GET"]}}],"collection":[{"href":"https:\/\/gfgsmtl.qc.ca\/en\/wp-json\/wp\/v2\/pages"}],"about":[{"href":"https:\/\/gfgsmtl.qc.ca\/en\/wp-json\/wp\/v2\/types\/page"}],"author":[{"embeddable":true,"href":"https:\/\/gfgsmtl.qc.ca\/en\/wp-json\/wp\/v2\/users\/1"}],"replies":[{"embeddable":true,"href":"https:\/\/gfgsmtl.qc.ca\/en\/wp-json\/wp\/v2\/comments?post=14764"}],"version-history":[{"count":7,"href":"https:\/\/gfgsmtl.qc.ca\/en\/wp-json\/wp\/v2\/pages\/14764\/revisions"}],"predecessor-version":[{"id":14918,"href":"https:\/\/gfgsmtl.qc.ca\/en\/wp-json\/wp\/v2\/pages\/14764\/revisions\/14918"}],"up":[{"embeddable":true,"href":"https:\/\/gfgsmtl.qc.ca\/en\/wp-json\/wp\/v2\/pages\/8122"}],"wp:attachment":[{"href":"https:\/\/gfgsmtl.qc.ca\/en\/wp-json\/wp\/v2\/media?parent=14764"}],"curies":[{"name":"wp","href":"https:\/\/api.w.org\/{rel}","templated":true}]}}